{"id":73,"date":"2017-02-24T17:15:21","date_gmt":"2017-02-24T17:15:21","guid":{"rendered":"http:\/\/pruefungskompetenz.de\/w\/?page_id=73"},"modified":"2026-04-13T09:56:09","modified_gmt":"2026-04-13T08:56:09","slug":"seminare","status":"publish","type":"page","link":"https:\/\/pruefungskompetenz.de\/w\/angebot\/seminare\/","title":{"rendered":"Seminare"},"content":{"rendered":"<div>\n<p><strong>2026<\/strong><\/p>\n<ul>\n<li>15.6. &#8222;Der Anti-Blackout-Workshop&#8220;, Universit\u00e4t Konstanz<\/li>\n<li>13.6. &#8222;Sicher pr\u00e4sentieren, souver\u00e4n dolmetschen&#8220;, Universit\u00e4t Mainz, FTSK Germersheim<\/li>\n<li>21.5. &#8222;Karriere-Coaching&#8220;, HFU Campus Tuttlingen<\/li>\n<li>20.5. &#8222;Karriere-Coaching&#8220;, HFU Campus Schwenningen<\/li>\n<li>19.5. &#8222;Karriere-Coaching&#8220;, HFU Campus Furtwangen<\/li>\n<li>18.5. &#8222;Karriere-Coaching&#8220;, HFU Campus Freiburg<\/li>\n<li>12.5. &#8222;Der Anti-Blackout-Workshop&#8220;, Universit\u00e4t Konstanz<\/li>\n<li>11.5. &#8222;Der Flexible Wochenplan&#8220;, Universit\u00e4t Konstanz<\/li>\n<li>22.4. &#8222;Der Flexible Wochenplan&#8220;, Universit\u00e4t Konstanz<\/li>\n<li>20.-21.4. &#8222;Sicher und souver\u00e4n dolmetschen&#8220;, ZHAW Winterthur<\/li>\n<\/ul>\n<p><strong>2025<\/strong><\/p>\n<ul>\n<li>11.12. &#8222;Sicher pr\u00e4sentieren, frei sprechen in der Fremdsprache&#8220;, HTWG Konstanz<\/li>\n<li>9.12. &#8222;Sicher in die Pr\u00fcfungsphase&#8220;, Universit\u00e4t Konstanz<\/li>\n<li>5.-6.12. &#8222;Sicher und kompetent sprechen&#8220;, Universit\u00e4t Konstanz<\/li>\n<li>3.12. &#8222;Perspektive-Workshop: Welcher Berufsweg passt zu mir?&#8220;, HFU Campus Furtwangen<\/li>\n<li>15.11. &#8222;Sicher pr\u00e4sentieren, souver\u00e4n dolmetschen&#8220;, Universit\u00e4t Mainz, FTSK Germersheim<\/li>\n<li>12.11. &#8222;Perspektive-Workshop: Welcher Berufsweg passt zu mir?&#8220;, HFU Campus Tuttlingen<\/li>\n<li>10.-11.11. &#8222;Karriere-Coaching&#8220;, HFU Campus Schwenningen<\/li>\n<li>4.-5.11. &#8222;Karriere-Coaching&#8220;, HFU Campus Furtwangen<\/li>\n<li>24.5. &#8222;Sicher pr\u00e4sentieren, souver\u00e4n dolmetschen&#8220;, Universit\u00e4t Mainz, FTSK Germersheim<\/li>\n<li>22.5. &#8222;Sicher in die Pr\u00fcfungsphase&#8220;, Universit\u00e4t Konstanz<\/li>\n<li>19.-20.5. &#8222;Karriere-Coaching&#8220;, HFU Campus Schwenningen<\/li>\n<li>12.-13.5. &#8222;Karriere-Coaching&#8220;, HFU Campus Furtwangen<\/li>\n<li>10.5. &#8222;Perspektive-Workshop&#8220;, HFU Campus Furtwangen<\/li>\n<li>6.5. &#8222;Effektiv lernen, Pr\u00fcfungen erfolgreich bestehen, Universit\u00e4t Konstanz<\/li>\n<li>21.-22.4. &#8222;Sicher und souver\u00e4n dolmetschen&#8220;, ZHAW Winterthur<\/li>\n<li>8.-9.4.\/10.-11.4. &#8222;Frei sprechen, sicher pr\u00e4sentieren&#8220;, SHLR Rorschach<\/li>\n<li>27.03. &#8222;Frei sprechen in Fremdsprachen&#8220;, HTWG Konstanz<\/li>\n<li>16.-17.1. &#8222;Karriere-Coaching&#8220;, HFU Schwenningen<\/li>\n<li>15.1. &#8222;5 vor 12 &#8211; Sicher in die Pr\u00fcfungsphase&#8220;, Universit\u00e4t Konstanz<\/li>\n<\/ul>\n<\/div>\n<div><\/div>\n","protected":false},"excerpt":{"rendered":"<p>2026 15.6. &#8222;Der Anti-Blackout-Workshop&#8220;, Universit\u00e4t Konstanz 13.6. &#8222;Sicher pr\u00e4sentieren, souver\u00e4n dolmetschen&#8220;, Universit\u00e4t Mainz, FTSK Germersheim 21.5. &#8222;Karriere-Coaching&#8220;, HFU Campus Tuttlingen 20.5. &#8222;Karriere-Coaching&#8220;, HFU Campus Schwenningen 19.5. &#8222;Karriere-Coaching&#8220;, HFU Campus Furtwangen 18.5. &#8222;Karriere-Coaching&#8220;, HFU Campus Freiburg 12.5. &#8222;Der Anti-Blackout-Workshop&#8220;, Universit\u00e4t Konstanz 11.5. &#8222;Der Flexible Wochenplan&#8220;, Universit\u00e4t Konstanz 22.4. &#8222;Der Flexible Wochenplan&#8220;, Universit\u00e4t Konstanz 20.-21.4. &#8222;Sicher und [&hellip;]<\/p>\n","protected":false},"author":1,"featured_media":0,"parent":16,"menu_order":0,"comment_status":"closed","ping_status":"closed","template":"","meta":{"footnotes":""},"class_list":["post-73","page","type-page","status-publish","hentry"],"_links":{"self":[{"href":"https:\/\/pruefungskompetenz.de\/w\/wp-json\/wp\/v2\/pages\/73","targetHints":{"allow":["GET"]}}],"collection":[{"href":"https:\/\/pruefungskompetenz.de\/w\/wp-json\/wp\/v2\/pages"}],"about":[{"href":"https:\/\/pruefungskompetenz.de\/w\/wp-json\/wp\/v2\/types\/page"}],"author":[{"embeddable":true,"href":"https:\/\/pruefungskompetenz.de\/w\/wp-json\/wp\/v2\/users\/1"}],"replies":[{"embeddable":true,"href":"https:\/\/pruefungskompetenz.de\/w\/wp-json\/wp\/v2\/comments?post=73"}],"version-history":[{"count":102,"href":"https:\/\/pruefungskompetenz.de\/w\/wp-json\/wp\/v2\/pages\/73\/revisions"}],"predecessor-version":[{"id":1545,"href":"https:\/\/pruefungskompetenz.de\/w\/wp-json\/wp\/v2\/pages\/73\/revisions\/1545"}],"up":[{"embeddable":true,"href":"https:\/\/pruefungskompetenz.de\/w\/wp-json\/wp\/v2\/pages\/16"}],"wp:attachment":[{"href":"https:\/\/pruefungskompetenz.de\/w\/wp-json\/wp\/v2\/media?parent=73"}],"curies":[{"name":"wp","href":"https:\/\/api.w.org\/{rel}","templated":true}]}}