{"id":71,"date":"2017-02-24T17:09:52","date_gmt":"2017-02-24T17:09:52","guid":{"rendered":"http:\/\/pruefungskompetenz.de\/w\/?page_id=71"},"modified":"2021-10-04T11:43:24","modified_gmt":"2021-10-04T11:43:24","slug":"berufliche-um-und-neuorientierung","status":"publish","type":"page","link":"https:\/\/pruefungskompetenz.de\/w\/angebot\/berufliche-um-und-neuorientierung\/","title":{"rendered":"Berufliche Neuorientierung"},"content":{"rendered":"<ul>\n<li>Sie befinden sich in einer Phase der beruflichen Um- und Neuorientierung?<\/li>\n<li>Sie stehen vor der Entscheidung f\u00fcr eine bestimmte Stelle oder Position?<\/li>\n<li>Sie \u00fcberlegen, ob eine selbstst\u00e4ndige T\u00e4tigkeit \/ Existenzgr\u00fcndung das richtige f\u00fcr Sie ist?<\/li>\n<li>Sie planen Ihren beruflichen Wiedereinstieg?<\/li>\n<\/ul>\n<p><b>Im Einzelcoaching<\/b><\/p>\n<ul>\n<li>erstellen wir ein Kompetenzprofil Ihrer pers\u00f6nlichen F\u00e4higkeiten und\u00a0Fertigkeiten aus Ihren verschiedenen Lebensphasen und -bereichen,<\/li>\n<li>analysieren bisherige Erfolgserlebnisse,<\/li>\n<li>definieren die Kriterien f\u00fcr Ihre individuelle Arbeitszufriedenheit und<\/li>\n<li>vergleichen Selbst- und Fremdeinsch\u00e4tzung Ihrer Kompetenzen.<\/li>\n<li>Gest\u00fctzt durch zwei wissenschaftliche Berufswahl-, Neue Chancen- oder Wiedereinstiegstests erhalten Sie konkrete Entscheidungshilfen und Berufsvorschl\u00e4ge.<\/li>\n<\/ul>\n","protected":false},"excerpt":{"rendered":"<p>Sie befinden sich in einer Phase der beruflichen Um- und Neuorientierung? Sie stehen vor der Entscheidung f\u00fcr eine bestimmte Stelle oder Position? Sie \u00fcberlegen, ob eine selbstst\u00e4ndige T\u00e4tigkeit \/ Existenzgr\u00fcndung das richtige f\u00fcr Sie ist? Sie planen Ihren beruflichen Wiedereinstieg? Im Einzelcoaching erstellen wir ein Kompetenzprofil Ihrer pers\u00f6nlichen F\u00e4higkeiten und\u00a0Fertigkeiten aus Ihren verschiedenen Lebensphasen und [&hellip;]<\/p>\n","protected":false},"author":1,"featured_media":0,"parent":16,"menu_order":0,"comment_status":"closed","ping_status":"closed","template":"","meta":{"footnotes":""},"class_list":["post-71","page","type-page","status-publish","hentry"],"_links":{"self":[{"href":"https:\/\/pruefungskompetenz.de\/w\/wp-json\/wp\/v2\/pages\/71","targetHints":{"allow":["GET"]}}],"collection":[{"href":"https:\/\/pruefungskompetenz.de\/w\/wp-json\/wp\/v2\/pages"}],"about":[{"href":"https:\/\/pruefungskompetenz.de\/w\/wp-json\/wp\/v2\/types\/page"}],"author":[{"embeddable":true,"href":"https:\/\/pruefungskompetenz.de\/w\/wp-json\/wp\/v2\/users\/1"}],"replies":[{"embeddable":true,"href":"https:\/\/pruefungskompetenz.de\/w\/wp-json\/wp\/v2\/comments?post=71"}],"version-history":[{"count":9,"href":"https:\/\/pruefungskompetenz.de\/w\/wp-json\/wp\/v2\/pages\/71\/revisions"}],"predecessor-version":[{"id":994,"href":"https:\/\/pruefungskompetenz.de\/w\/wp-json\/wp\/v2\/pages\/71\/revisions\/994"}],"up":[{"embeddable":true,"href":"https:\/\/pruefungskompetenz.de\/w\/wp-json\/wp\/v2\/pages\/16"}],"wp:attachment":[{"href":"https:\/\/pruefungskompetenz.de\/w\/wp-json\/wp\/v2\/media?parent=71"}],"curies":[{"name":"wp","href":"https:\/\/api.w.org\/{rel}","templated":true}]}}