{"id":55,"date":"2017-02-24T16:59:23","date_gmt":"2017-02-24T16:59:23","guid":{"rendered":"http:\/\/pruefungskompetenz.de\/w\/?page_id=55"},"modified":"2021-10-04T13:52:54","modified_gmt":"2021-10-04T13:52:54","slug":"studien-und-berufswahlberatung","status":"publish","type":"page","link":"https:\/\/pruefungskompetenz.de\/w\/angebot\/studien-und-berufswahlberatung\/","title":{"rendered":"Studien- und Berufswahlberatung"},"content":{"rendered":"<ul>\n<li>Sie m\u00f6chten gerne wissen, welche Berufe zu Ihnen passen?<\/li>\n<li>Sie k\u00f6nnen sich nicht f\u00fcr einen Beruf entscheiden?<\/li>\n<li>Sie\u00a0sind nicht sicher, ob ein bestimmter Beruf Ihren F\u00e4higkeiten entspricht?<\/li>\n<li>Sie studieren oder machen eine Ausbildung und m\u00f6chten wissen, ob es wirklich das Richtige f\u00fcr Sie ist?<\/li>\n<li>Sie mussten ein Studium oder eine Ausbildung abbrechen und suchen eine Alternative?<\/li>\n<\/ul>\n<h3>Im Einzelcoaching<\/h3>\n<ul>\n<li>arbeiten wir heraus, welche beruflichen T\u00e4tigkeiten, Aufgaben und Inhalte am besten zu Ihnen passen,<\/li>\n<li>in welcher Arbeitsumgebung Sie sich wohl f\u00fchlen und Ihre\u00a0Kompetenzen am besten zum Tragen bringen k\u00f6nnen,<\/li>\n<li>welche Werte Sie in Ihrem Beruf antreffen und leben m\u00f6chten<\/li>\n<li>und\u00a0ber\u00fccksichtigen Ihre Zukunftsw\u00fcnsche und Interessen.<\/li>\n<li>Gest\u00fctzt durch zwei wissenschaftliche Testverfahren erhalten Sie konkrete Berufsvorschl\u00e4ge mit ausf\u00fchrlicher Dokumentation.<\/li>\n<\/ul>\n","protected":false},"excerpt":{"rendered":"<p>Sie m\u00f6chten gerne wissen, welche Berufe zu Ihnen passen? Sie k\u00f6nnen sich nicht f\u00fcr einen Beruf entscheiden? Sie\u00a0sind nicht sicher, ob ein bestimmter Beruf Ihren F\u00e4higkeiten entspricht? Sie studieren oder machen eine Ausbildung und m\u00f6chten wissen, ob es wirklich das Richtige f\u00fcr Sie ist? Sie mussten ein Studium oder eine Ausbildung abbrechen und suchen eine [&hellip;]<\/p>\n","protected":false},"author":1,"featured_media":0,"parent":16,"menu_order":10,"comment_status":"closed","ping_status":"closed","template":"","meta":{"footnotes":""},"class_list":["post-55","page","type-page","status-publish","hentry"],"_links":{"self":[{"href":"https:\/\/pruefungskompetenz.de\/w\/wp-json\/wp\/v2\/pages\/55","targetHints":{"allow":["GET"]}}],"collection":[{"href":"https:\/\/pruefungskompetenz.de\/w\/wp-json\/wp\/v2\/pages"}],"about":[{"href":"https:\/\/pruefungskompetenz.de\/w\/wp-json\/wp\/v2\/types\/page"}],"author":[{"embeddable":true,"href":"https:\/\/pruefungskompetenz.de\/w\/wp-json\/wp\/v2\/users\/1"}],"replies":[{"embeddable":true,"href":"https:\/\/pruefungskompetenz.de\/w\/wp-json\/wp\/v2\/comments?post=55"}],"version-history":[{"count":6,"href":"https:\/\/pruefungskompetenz.de\/w\/wp-json\/wp\/v2\/pages\/55\/revisions"}],"predecessor-version":[{"id":1157,"href":"https:\/\/pruefungskompetenz.de\/w\/wp-json\/wp\/v2\/pages\/55\/revisions\/1157"}],"up":[{"embeddable":true,"href":"https:\/\/pruefungskompetenz.de\/w\/wp-json\/wp\/v2\/pages\/16"}],"wp:attachment":[{"href":"https:\/\/pruefungskompetenz.de\/w\/wp-json\/wp\/v2\/media?parent=55"}],"curies":[{"name":"wp","href":"https:\/\/api.w.org\/{rel}","templated":true}]}}