{"id":51,"date":"2017-02-24T16:57:03","date_gmt":"2017-02-24T16:57:03","guid":{"rendered":"http:\/\/pruefungskompetenz.de\/w\/?page_id=51"},"modified":"2021-10-04T11:45:01","modified_gmt":"2021-10-04T11:45:01","slug":"lern-und-pruefungscoaching","status":"publish","type":"page","link":"https:\/\/pruefungskompetenz.de\/w\/angebot\/lern-und-pruefungscoaching\/","title":{"rendered":"Lern- und Pr\u00fcfungscoaching"},"content":{"rendered":"<p><b>F\u00fcr Studierende, Auszubildende und Sch\u00fcler\/innen<br \/>\nF\u00fcr Berufst\u00e4tige, die sich weiterqualifizieren<br \/>\n<\/b><\/p>\n<ul>\n<li>Sie m\u00f6chten effektiver lernen und Pr\u00fcfungen besser bestehen?<\/li>\n<li>Sie stehen vor einer (letztm\u00f6glichen) Wiederholungspr\u00fcfung?<\/li>\n<li>Sie leiden unter Pr\u00fcfungsangst und bef\u00fcrchten einen Blackout?<\/li>\n<li>Sie wollen in schriftlichen, m\u00fcndlichen oder praktischen Pr\u00fcfungen zeigen k\u00f6nnen, was in Ihnen steckt und w\u00fcnschen sich Noten, die Ihrem Lernaufwand entsprechen?<\/li>\n<li>Sie ben\u00f6tigen eine bestimmte Note, um einen konkreten Berufswunsch verwirklichen zu k\u00f6nnen?<\/li>\n<\/ul>\n<p><strong>Im Einzelcoaching<\/strong><\/p>\n<ul>\n<li>analysieren wir Ihre bisherigen Lern- und Pr\u00fcfungserfahrungen,<\/li>\n<li>formulieren Ihre individuellen Pr\u00fcfungsziele,<\/li>\n<li>verbessern Ihre Lern- und Leistungsf\u00e4higkeit mit spezifischen Bewegungs- und Entspannungs\u00fcbungen und Mentaltraining aus dem Leistungssport<\/li>\n<li>ber\u00fccksichtigen systemische Aspekte und<\/li>\n<li>erstellen ein individuelles \u00dcbungsprogramm f\u00fcr Sie.<\/li>\n<\/ul>\n<p><b>Dauer<\/b><\/p>\n<p>Ein Lern- und Pr\u00fcfungscoaching dauert in den meisten F\u00e4llen zwischen 3 und 8 Stunden.<\/p>\n<p>Die Anzahl der Beratungen, die Abst\u00e4nde zwischen den einzelnen Terminen und die Anzahl der Stunden pro Termin richten sich nach Ihrem pers\u00f6nlichen Bedarf und werden individuell mit Ihnen auf Ihre pers\u00f6nliche Lern- und Pr\u00fcfungssituation abgestimmt. Konkrete Beispiele daf\u00fcr finden Sie unter \u201eFeedback\u201c.<\/p>\n<p><b>Kompaktcoaching \/ Last minute-Coaching<\/b><\/p>\n<p>Kurz vor Pr\u00fcfungen (Pr\u00e4sentationen, Vorstellungsgespr\u00e4chen) mehrst\u00fcndig an ein bis drei aufeinander folgenden Tagen.\u00a0Vor (letztm\u00f6glichen) Wiederholungspr\u00fcfungen haben Sie bei der Terminvergabe Priorit\u00e4t.<b><\/b><\/p>\n","protected":false},"excerpt":{"rendered":"<p>F\u00fcr Studierende, Auszubildende und Sch\u00fcler\/innen F\u00fcr Berufst\u00e4tige, die sich weiterqualifizieren Sie m\u00f6chten effektiver lernen und Pr\u00fcfungen besser bestehen? Sie stehen vor einer (letztm\u00f6glichen) Wiederholungspr\u00fcfung? Sie leiden unter Pr\u00fcfungsangst und bef\u00fcrchten einen Blackout? Sie wollen in schriftlichen, m\u00fcndlichen oder praktischen Pr\u00fcfungen zeigen k\u00f6nnen, was in Ihnen steckt und w\u00fcnschen sich Noten, die Ihrem Lernaufwand entsprechen? Sie [&hellip;]<\/p>\n","protected":false},"author":1,"featured_media":0,"parent":16,"menu_order":0,"comment_status":"closed","ping_status":"closed","template":"","meta":{"footnotes":""},"class_list":["post-51","page","type-page","status-publish","hentry"],"_links":{"self":[{"href":"https:\/\/pruefungskompetenz.de\/w\/wp-json\/wp\/v2\/pages\/51","targetHints":{"allow":["GET"]}}],"collection":[{"href":"https:\/\/pruefungskompetenz.de\/w\/wp-json\/wp\/v2\/pages"}],"about":[{"href":"https:\/\/pruefungskompetenz.de\/w\/wp-json\/wp\/v2\/types\/page"}],"author":[{"embeddable":true,"href":"https:\/\/pruefungskompetenz.de\/w\/wp-json\/wp\/v2\/users\/1"}],"replies":[{"embeddable":true,"href":"https:\/\/pruefungskompetenz.de\/w\/wp-json\/wp\/v2\/comments?post=51"}],"version-history":[{"count":9,"href":"https:\/\/pruefungskompetenz.de\/w\/wp-json\/wp\/v2\/pages\/51\/revisions"}],"predecessor-version":[{"id":988,"href":"https:\/\/pruefungskompetenz.de\/w\/wp-json\/wp\/v2\/pages\/51\/revisions\/988"}],"up":[{"embeddable":true,"href":"https:\/\/pruefungskompetenz.de\/w\/wp-json\/wp\/v2\/pages\/16"}],"wp:attachment":[{"href":"https:\/\/pruefungskompetenz.de\/w\/wp-json\/wp\/v2\/media?parent=51"}],"curies":[{"name":"wp","href":"https:\/\/api.w.org\/{rel}","templated":true}]}}