{"id":293,"date":"2017-04-21T08:39:53","date_gmt":"2017-04-21T08:39:53","guid":{"rendered":"http:\/\/pruefungskompetenz.de\/w\/?page_id=293"},"modified":"2025-12-23T12:10:44","modified_gmt":"2025-12-23T11:10:44","slug":"presse","status":"publish","type":"page","link":"https:\/\/pruefungskompetenz.de\/w\/presse\/","title":{"rendered":"Presse"},"content":{"rendered":"<div class='flex_column av-l68t9-ad2d246912077a80cb489153fa05303c av_two_third  avia-builder-el-0  el_before_av_one_third  avia-builder-el-first  first flex_column_div '     ><section  class='av_textblock_section av-lo8mh2z6-0e9e48fa2b072dd33005f7c718028054'  itemscope=\"itemscope\" itemtype=\"https:\/\/schema.org\/CreativeWork\" ><div class='avia_textblock'  itemprop=\"text\" ><h2>Zum 2. Mal in Folge: Preis f\u00fcr exzellente Lehre bei der informatica feminale Baden-W\u00fcrttemberg 2024<\/h2>\n<p>F\u00fcr den am besten bewerteten Kurs der informatica feminale Baden-W\u00fcrttemberg haben wir wieder den\u00a0Preis f\u00fcr exzellente Lehre\u00a0vergeben. Die Gewinnerin der #ifbw24 ist\u00a0Gabriele Koch\u00a0mit ihrem Kurs\u00a0\u201cFrei Sprechen\u201d. Die Teilnehmerinnen ihres Kurses vergaben in allen zu bewertenden Kategorien die Bestnote 1,0. Herzlichen Gl\u00fcckwunsch an Gabriele Koch!<\/p>\n<h2 class=\"m-0 px-0 py-3\">Preis f\u00fcr exzellente Lehre im Rahmen der<br \/>\ninformatica feminale Baden-W\u00fcrttemberg 2023<\/h2>\n<div class=\"flex items-center font-sans mb-1\" data-test-id=\"main-feed-activity-card__entity-lockup\">\n<p>Die gl\u00fcckliche und verdiente Gewinnerin bei der <a class=\"link\" href=\"https:\/\/www.linkedin.com\/signup?session_redirect=https%3A%2F%2Fwww.linkedin.com%2Ffeed%2Fhashtag%2Fifbw23&amp;_l=de&amp;trk=org_guest_main-feed-card-text\" target=\"_self\" data-tracking-will-navigate=\"\" data-tracking-control-name=\"org_guest_main-feed-card-text\" rel=\"noopener\">#ifbw23<\/a> ist die Dozentin Gabriele Koch mit ihrem Kurs \u201eFrei Sprechen\u201c, f\u00fcr den sie bei unseren Teilnehmerinnen eine herausragende Benotung erhalten hat. Die informatica feminale Baden-W\u00fcrttemberg ist eine Sommerhochschule f\u00fcr Frauen in der Informatik. Sie wird vom Netzwerk Frauen.Innovation.Technik Baden-W\u00fcrttemberg (Netzwerk F.I.T) der Hochschule Furtwangen organisiert und vom Ministerium f\u00fcr Wissenschaft, Forschung und Kunst Baden-W\u00fcrttemberg gef\u00f6rdert. Damit werden au\u00dfergew\u00f6hnliches Engagement, innovative Konzepte und eine didaktisch hervorragende Wissensvermittlung gew\u00fcrdigt. Grundlage f\u00fcr die Verleihung sind exzellente Leistungen auf dem Gebiet der Lehre bei der Lehr-Evaluation von den Teilnehmerinnen der informatica feminale Baden-W\u00fcrttemberg. Das gesamte F.I.T-Team gratuliert Frau Koch zu ihrem Preis!<\/p>\n<\/div>\n<p><a href=\"https:\/\/www.linkedin.com\/company\/scientificabw\/\">linkedin.com\/company\/scientificabw<\/a>\/<br \/>\n<a href=\"https:\/\/twitter.com\/scientificaBW\">twitter.com\/scientificaBW<\/a><br \/>\n<a href=\"https:\/\/www.instagram.com\/scientifica__ladies\/\">instagram.com\/scientifica__ladies<\/a>\/<\/p>\n<\/div><\/section><\/div><div class='flex_column av-hjmnh-b5035933472afcb39eba73b0e7429628 av_one_third  avia-builder-el-2  el_after_av_two_third  el_before_av_two_third  flex_column_div '     ><style type=\"text\/css\" data-created_by=\"avia_inline_auto\" id=\"style-css-av-lo8mqw04-eb795ebf41b2b3c3a309fd199da9eb5c\">\n.avia-image-container.av-lo8mqw04-eb795ebf41b2b3c3a309fd199da9eb5c img.avia_image{\nbox-shadow:none;\n}\n.avia-image-container.av-lo8mqw04-eb795ebf41b2b3c3a309fd199da9eb5c .av-image-caption-overlay-center{\ncolor:#ffffff;\n}\n<\/style>\n<div  class='avia-image-container av-lo8mqw04-eb795ebf41b2b3c3a309fd199da9eb5c av-styling- avia-align-center  avia-builder-el-3  avia-builder-el-no-sibling '   itemprop=\"image\" itemscope=\"itemscope\" itemtype=\"https:\/\/schema.org\/ImageObject\" ><div class=\"avia-image-container-inner\"><div class=\"avia-image-overlay-wrap\"><img decoding=\"async\" class='wp-image-1471 avia-img-lazy-loading-not-1471 avia_image ' src=\"https:\/\/pruefungskompetenz.de\/w\/wp-content\/uploads\/2023\/10\/Preis-fuer-excellente-Lehre-2023-687x1030.jpg\" alt='' title='-'  height=\"1030\" width=\"687\"  itemprop=\"thumbnailUrl\" srcset=\"https:\/\/pruefungskompetenz.de\/w\/wp-content\/uploads\/2023\/10\/Preis-fuer-excellente-Lehre-2023-687x1030.jpg 687w, https:\/\/pruefungskompetenz.de\/w\/wp-content\/uploads\/2023\/10\/Preis-fuer-excellente-Lehre-2023-200x300.jpg 200w, https:\/\/pruefungskompetenz.de\/w\/wp-content\/uploads\/2023\/10\/Preis-fuer-excellente-Lehre-2023-768x1152.jpg 768w, https:\/\/pruefungskompetenz.de\/w\/wp-content\/uploads\/2023\/10\/Preis-fuer-excellente-Lehre-2023-1024x1536.jpg 1024w, https:\/\/pruefungskompetenz.de\/w\/wp-content\/uploads\/2023\/10\/Preis-fuer-excellente-Lehre-2023-1365x2048.jpg 1365w, https:\/\/pruefungskompetenz.de\/w\/wp-content\/uploads\/2023\/10\/Preis-fuer-excellente-Lehre-2023-1000x1500.jpg 1000w, https:\/\/pruefungskompetenz.de\/w\/wp-content\/uploads\/2023\/10\/Preis-fuer-excellente-Lehre-2023-470x705.jpg 470w, https:\/\/pruefungskompetenz.de\/w\/wp-content\/uploads\/2023\/10\/Preis-fuer-excellente-Lehre-2023-scaled.jpg 1707w\" sizes=\"(max-width: 687px) 100vw, 687px\" \/><\/div><\/div><\/div><\/div><\/p>\n<div class='flex_column av-lb3n3jm5-15c45560bc209b8ca05a0b7ce3f46e45 av_two_third  avia-builder-el-4  el_after_av_one_third  el_before_av_one_third  first flex_column_div column-top-margin'     ><section  class='av_textblock_section av-lb3n6clk-c22ec05d51f4e0d7635088880bc6212a'  itemscope=\"itemscope\" itemtype=\"https:\/\/schema.org\/CreativeWork\" ><div class='avia_textblock'  itemprop=\"text\" ><h2 class=\"m-0 px-0 py-3\">Keine Macht der Pr\u00fcfungsangst<\/h2>\n<p>Mein neues Format in 11\/2022: Workshops, Einzelcoachings &#038; Pr\u00fcfungssimulation an der Hochschule Heilbronn<\/p>\n<p><a href=\"https:\/\/www.hs-heilbronn.de\/de\/keine-macht-der-pruefungsangst-98ad61fc5e2665b6\">https:\/\/www.hs-heilbronn.de\/de\/keine-macht-der-pruefungsangst-98ad61fc5e2665b6<\/a><\/p>\n<\/div><\/section><\/div>\n<div class='flex_column av-e0ajp-239a4f38f7bf86633b497ae51e6c99e9 av_one_third  avia-builder-el-6  el_after_av_two_third  el_before_av_two_third  flex_column_div column-top-margin'     ><style type=\"text\/css\" data-created_by=\"avia_inline_auto\" id=\"style-css-av-lb3nf9iu-de547cd945a7388cf4e29585dc491604\">\n.avia-image-container.av-lb3nf9iu-de547cd945a7388cf4e29585dc491604 img.avia_image{\nbox-shadow:none;\n}\n.avia-image-container.av-lb3nf9iu-de547cd945a7388cf4e29585dc491604 .av-image-caption-overlay-center{\ncolor:#ffffff;\n}\n<\/style>\n<div  class='avia-image-container av-lb3nf9iu-de547cd945a7388cf4e29585dc491604 av-styling- avia-align-center  avia-builder-el-7  avia-builder-el-no-sibling '   itemprop=\"image\" itemscope=\"itemscope\" itemtype=\"https:\/\/schema.org\/ImageObject\" ><div class=\"avia-image-container-inner\"><div class=\"avia-image-overlay-wrap\"><img decoding=\"async\" class='wp-image-1297 avia-img-lazy-loading-not-1297 avia_image ' src=\"https:\/\/pruefungskompetenz.de\/w\/wp-content\/uploads\/2022\/11\/hochschule_heilbronn-773x1030.jpg\" alt='' title='hochschule_heilbronn'  height=\"1030\" width=\"773\"  itemprop=\"thumbnailUrl\" srcset=\"https:\/\/pruefungskompetenz.de\/w\/wp-content\/uploads\/2022\/11\/hochschule_heilbronn-773x1030.jpg 773w, https:\/\/pruefungskompetenz.de\/w\/wp-content\/uploads\/2022\/11\/hochschule_heilbronn-225x300.jpg 225w, https:\/\/pruefungskompetenz.de\/w\/wp-content\/uploads\/2022\/11\/hochschule_heilbronn-768x1024.jpg 768w, https:\/\/pruefungskompetenz.de\/w\/wp-content\/uploads\/2022\/11\/hochschule_heilbronn-1152x1536.jpg 1152w, https:\/\/pruefungskompetenz.de\/w\/wp-content\/uploads\/2022\/11\/hochschule_heilbronn-1536x2048.jpg 1536w, https:\/\/pruefungskompetenz.de\/w\/wp-content\/uploads\/2022\/11\/hochschule_heilbronn-1125x1500.jpg 1125w, https:\/\/pruefungskompetenz.de\/w\/wp-content\/uploads\/2022\/11\/hochschule_heilbronn-529x705.jpg 529w, https:\/\/pruefungskompetenz.de\/w\/wp-content\/uploads\/2022\/11\/hochschule_heilbronn-scaled.jpg 1920w\" sizes=\"(max-width: 773px) 100vw, 773px\" \/><\/div><\/div><\/div><\/div>\n\n<style type=\"text\/css\" data-created_by=\"avia_inline_auto\" id=\"style-css-av-1dzgbh-c3f053401840e3b6c41f261775af1e81\">\n.flex_column.av-1dzgbh-c3f053401840e3b6c41f261775af1e81{\n-webkit-border-radius:0px 0px 0px 0px;\n-moz-border-radius:0px 0px 0px 0px;\nborder-radius:0px 0px 0px 0px;\npadding:0px 0px 0px 0px;\n}\n<\/style>\n<div class='flex_column av-1dzgbh-c3f053401840e3b6c41f261775af1e81 av_two_third  avia-builder-el-8  el_after_av_one_third  el_before_av_one_third  first flex_column_div av-zero-column-padding column-top-margin'     ><section  class='av_textblock_section av-17y8vh-40aa2ab4ef4518b2b310524972d87e9b'  itemscope=\"itemscope\" itemtype=\"https:\/\/schema.org\/CreativeWork\" ><div class='avia_textblock'  itemprop=\"text\" ><h2>Dem Stress beim Dolmetschen die Stirn bieten<\/h2>\n<p>Dolmetschen ist H\u00f6chstleistung, und diese Leistung muss punktgenau abgerufen werden; Anspannung kann da schnell fatal werden. Gabriele Koch erl\u00e4utert, was in einer solchen Situation in uns passiert \u2013 und was hilft, die Fokussierung zu behalten bzw. zur\u00fcckzugewinnen.<\/p>\n<p>Artikel als PDF lesen:\u00a0<a href=\"http:\/\/pruefungskompetenz.de\/w\/wp-content\/uploads\/2017\/04\/Hochleistungsfahig-in-Hochleist-ungssituationen-MD\u00dc-12-2016.pdf\">Hochleistungsf\u00e4hig in Hochleistungssituationen aus MD\u00dc 12-2016<\/a><\/p>\n<\/div><\/section><\/div>\n\n<style type=\"text\/css\" data-created_by=\"avia_inline_auto\" id=\"style-css-av-13rnkt-d610edeaf7a73dbe90ced921a0e37484\">\n.flex_column.av-13rnkt-d610edeaf7a73dbe90ced921a0e37484{\n-webkit-border-radius:0px 0px 0px 0px;\n-moz-border-radius:0px 0px 0px 0px;\nborder-radius:0px 0px 0px 0px;\npadding:0px 0px 0px 0px;\n}\n<\/style>\n<div class='flex_column av-13rnkt-d610edeaf7a73dbe90ced921a0e37484 av_one_third  avia-builder-el-10  el_after_av_two_third  el_before_av_two_third  flex_column_div av-zero-column-padding column-top-margin'     ><section  class='av_textblock_section av-xdmpp-d1e944bf9b28cdd813f2f5c8fb602ec7'  itemscope=\"itemscope\" itemtype=\"https:\/\/schema.org\/CreativeWork\" ><div class='avia_textblock'  itemprop=\"text\" ><p><a href=\"http:\/\/pruefungskompetenz.de\/w\/wp-content\/uploads\/2017\/04\/image004.jpg\"><img loading=\"lazy\" decoding=\"async\" class=\"alignnone size-full wp-image-297\" src=\"http:\/\/pruefungskompetenz.de\/w\/wp-content\/uploads\/2017\/04\/image004.jpg\" alt=\"\" width=\"295\" height=\"420\" srcset=\"https:\/\/pruefungskompetenz.de\/w\/wp-content\/uploads\/2017\/04\/image004.jpg 295w, https:\/\/pruefungskompetenz.de\/w\/wp-content\/uploads\/2017\/04\/image004-211x300.jpg 211w\" sizes=\"auto, (max-width: 295px) 100vw, 295px\" \/><\/a><\/p>\n<\/div><\/section><\/div>\n\n<style type=\"text\/css\" data-created_by=\"avia_inline_auto\" id=\"style-css-av-8jj7p-5b5e5e1eb52f2e7b251e07ebe221365b\">\n.flex_column.av-8jj7p-5b5e5e1eb52f2e7b251e07ebe221365b{\n-webkit-border-radius:0px 0px 0px 0px;\n-moz-border-radius:0px 0px 0px 0px;\nborder-radius:0px 0px 0px 0px;\npadding:0px 0px 0px 0px;\n}\n<\/style>\n<div class='flex_column av-8jj7p-5b5e5e1eb52f2e7b251e07ebe221365b av_two_third  avia-builder-el-12  el_after_av_one_third  el_before_av_one_third  first flex_column_div av-zero-column-padding column-top-margin'     ><section  class='av_textblock_section av-lb3n86ey-d4e4a560eb006d9a4eb9b4f712ef8e00'  itemscope=\"itemscope\" itemtype=\"https:\/\/schema.org\/CreativeWork\" ><div class='avia_textblock'  itemprop=\"text\" ><h2>Leistungsstark &#038; kompetent<\/h2>\n<p>Wer kennt das nicht: Trotz fachlicher Kompetenz und guter Vorbereitung gibt es Situationen, in denen wir unter Druck geraten.<\/p>\n<p><a href=\"http:\/\/pruefungskompetenz.de\/w\/wp-content\/uploads\/2017\/04\/Leistungsstark-und-kompetent-ARTIKEL.pdf\">Artikel als PDF lesen<\/a><\/p>\n<\/div><\/section><\/div>\n\n<style type=\"text\/css\" data-created_by=\"avia_inline_auto\" id=\"style-css-av-cxr79-55e8f0ae7a8a55f85b7aa7085ebf48d0\">\n.flex_column.av-cxr79-55e8f0ae7a8a55f85b7aa7085ebf48d0{\n-webkit-border-radius:0px 0px 0px 0px;\n-moz-border-radius:0px 0px 0px 0px;\nborder-radius:0px 0px 0px 0px;\npadding:0px 0px 0px 0px;\n}\n<\/style>\n<div class='flex_column av-cxr79-55e8f0ae7a8a55f85b7aa7085ebf48d0 av_one_third  avia-builder-el-14  el_after_av_two_third  el_before_av_two_third  flex_column_div av-zero-column-padding column-top-margin'     ><style type=\"text\/css\" data-created_by=\"avia_inline_auto\" id=\"style-css-av-9g5lh-a55ebc1aa2696aba309512b989766aa8\">\n.avia-image-container.av-9g5lh-a55ebc1aa2696aba309512b989766aa8 img.avia_image{\nbox-shadow:none;\n}\n.avia-image-container.av-9g5lh-a55ebc1aa2696aba309512b989766aa8 .av-image-caption-overlay-center{\ncolor:#ffffff;\n}\n<\/style>\n<div  class='avia-image-container av-9g5lh-a55ebc1aa2696aba309512b989766aa8 av-styling- avia-align-center  avia-builder-el-15  avia-builder-el-no-sibling '   itemprop=\"image\" itemscope=\"itemscope\" itemtype=\"https:\/\/schema.org\/ImageObject\" ><div class=\"avia-image-container-inner\"><div class=\"avia-image-overlay-wrap\"><a href=\"http:\/\/pruefungskompetenz.de\/w\/wp-content\/uploads\/2017\/04\/Leistungsstark-und-kompetent-ARTIKEL.pdf\" class='avia_image'  target=\"_blank\"  rel=\"noopener noreferrer\"><img decoding=\"async\" class='wp-image-398 avia-img-lazy-loading-not-398 avia_image ' src=\"https:\/\/pruefungskompetenz.de\/w\/wp-content\/uploads\/2017\/04\/Cover-Lernen-Was-mich-begeistert-208x300.png\" alt='' title='Cover-Lernen-Was-mich-begeistert'  height=\"300\" width=\"208\"  itemprop=\"thumbnailUrl\" srcset=\"https:\/\/pruefungskompetenz.de\/w\/wp-content\/uploads\/2017\/04\/Cover-Lernen-Was-mich-begeistert-208x300.png 208w, https:\/\/pruefungskompetenz.de\/w\/wp-content\/uploads\/2017\/04\/Cover-Lernen-Was-mich-begeistert-768x1106.png 768w, https:\/\/pruefungskompetenz.de\/w\/wp-content\/uploads\/2017\/04\/Cover-Lernen-Was-mich-begeistert-715x1030.png 715w, https:\/\/pruefungskompetenz.de\/w\/wp-content\/uploads\/2017\/04\/Cover-Lernen-Was-mich-begeistert-1041x1500.png 1041w, https:\/\/pruefungskompetenz.de\/w\/wp-content\/uploads\/2017\/04\/Cover-Lernen-Was-mich-begeistert-489x705.png 489w, https:\/\/pruefungskompetenz.de\/w\/wp-content\/uploads\/2017\/04\/Cover-Lernen-Was-mich-begeistert-450x648.png 450w, https:\/\/pruefungskompetenz.de\/w\/wp-content\/uploads\/2017\/04\/Cover-Lernen-Was-mich-begeistert.png 1720w\" sizes=\"(max-width: 208px) 100vw, 208px\" \/><\/a><\/div><\/div><\/div><\/div>\n<div class='flex_column av-8m29h-a4705b78d4b93daf984a197e8cbb34a3 av_two_third  avia-builder-el-16  el_after_av_one_third  avia-builder-el-last  first flex_column_div column-top-margin'     ><\/div>\n","protected":false},"excerpt":{"rendered":"","protected":false},"author":1,"featured_media":297,"parent":0,"menu_order":25,"comment_status":"closed","ping_status":"closed","template":"","meta":{"footnotes":""},"class_list":["post-293","page","type-page","status-publish","has-post-thumbnail","hentry"],"_links":{"self":[{"href":"https:\/\/pruefungskompetenz.de\/w\/wp-json\/wp\/v2\/pages\/293","targetHints":{"allow":["GET"]}}],"collection":[{"href":"https:\/\/pruefungskompetenz.de\/w\/wp-json\/wp\/v2\/pages"}],"about":[{"href":"https:\/\/pruefungskompetenz.de\/w\/wp-json\/wp\/v2\/types\/page"}],"author":[{"embeddable":true,"href":"https:\/\/pruefungskompetenz.de\/w\/wp-json\/wp\/v2\/users\/1"}],"replies":[{"embeddable":true,"href":"https:\/\/pruefungskompetenz.de\/w\/wp-json\/wp\/v2\/comments?post=293"}],"version-history":[{"count":21,"href":"https:\/\/pruefungskompetenz.de\/w\/wp-json\/wp\/v2\/pages\/293\/revisions"}],"predecessor-version":[{"id":1539,"href":"https:\/\/pruefungskompetenz.de\/w\/wp-json\/wp\/v2\/pages\/293\/revisions\/1539"}],"wp:featuredmedia":[{"embeddable":true,"href":"https:\/\/pruefungskompetenz.de\/w\/wp-json\/wp\/v2\/media\/297"}],"wp:attachment":[{"href":"https:\/\/pruefungskompetenz.de\/w\/wp-json\/wp\/v2\/media?parent=293"}],"curies":[{"name":"wp","href":"https:\/\/api.w.org\/{rel}","templated":true}]}}