{"id":18,"date":"2017-02-24T16:36:57","date_gmt":"2017-02-24T16:36:57","guid":{"rendered":"http:\/\/pruefungskompetenz.de\/w\/?page_id=18"},"modified":"2021-11-10T15:05:59","modified_gmt":"2021-11-10T15:05:59","slug":"links","status":"publish","type":"page","link":"https:\/\/pruefungskompetenz.de\/w\/links\/","title":{"rendered":"Kooperationspartner"},"content":{"rendered":"<ul class=\"csc-bulletlist csc-bulletlist-0\">\n<li class=\"odd\"><a href=\"http:\/\/www.stadt-zuerich.ch\/aoz\/de\/index\/integration\/medios.html\" target=\"_blank\" rel=\"noopener noreferrer\">AOZ Medios Z\u00fcrich, Nationaler Telefondolmetschdienst der Schweiz<\/a><\/li>\n<li><a href=\"http:\/\/www.bdue.de\" target=\"_blank\" rel=\"noopener\">BD\u00dc Bundesverband der Dolmetscher und \u00dcbersetzer e.V.<\/a><\/li>\n<li>BLICKLABOR, Dr.\u00a0Mireille Trautmann,\u00a079117 Freiburg, www.blicklabor.de<\/li>\n<li><a href=\"http:\/\/www.ravensburg.dhbw.de\" target=\"_blank\" rel=\"noopener\">DHBW Duale Hochschulen Baden-W\u00fcrttemberg<\/a><\/li>\n<li>Hochschule Furtwangen University, HFU Akademie der Hochschule Furtwangen<\/li>\n<li><a href=\"http:\/\/www.htwg-konstanz.de\/gleich\" target=\"_blank\" rel=\"noopener\">HTWG Hochschule f\u00fcr Technik Wirtschaft und Gestaltung Konstanz<\/a><\/li>\n<li><a href=\"http:\/\/www.womens-business.net\/\" target=\"_blank\" rel=\"noopener\">Women&#8217;s Business Management Contest IBH Internationale Bodensee-Hochschule<\/a><\/li>\n<li><a href=\"https:\/\/www.uni-konstanz.de\/studieren\/beratung-und-service\/zentrale-studienberatung\/\" target=\"_blank\" rel=\"noopener\">Universit\u00e4t Konstanz, Zentrale Studienberatung<\/a><\/li>\n<li>Universit\u00e4t Konstanz, Department of Informatics &amp; Information Science<\/li>\n<li>Technische Hochschule K\u00f6ln<\/li>\n<li><a href=\"http:\/\/www.konstanz.de\/wirtschaft\/00915\/04065\/\" target=\"_blank\" rel=\"noopener\">Amt f\u00fcr Schulen Bildung Wissenschaft der Stadt Konstanz<\/a><\/li>\n<li><a href=\"http:\/\/www.konstanz.de\/wirtschaft\/01620\/\" target=\"_blank\" rel=\"noopener\">B\u00fcro der Integrationsbeauftragten der Stadt Konstanz<\/a><\/li>\n<li><a href=\"http:\/\/www.pbs.uni-mainz.de\" target=\"_blank\" rel=\"noopener\">Johannes Gutenberg-Universit\u00e4t Mainz Psychotherapeutische Beratungsstelle<\/a><\/li>\n<li><a href=\"http:\/\/www.eckertkrause.com\" target=\"_blank\" rel=\"noopener\">Managementberatung Dr. Eckert-Krause und Partner<\/a><\/li>\n<li><a href=\"http:\/\/www.jobcoaching-sued.de\" target=\"_blank\" rel=\"noopener\">Michael Ploschke, Jobcoaching und Consulting<\/a><\/li>\n<li><a href=\"http:\/\/www.rosshart.de\" target=\"_blank\" rel=\"noopener\">Dagmar Ro\u00dfhart-Seminare<\/a><\/li>\n<li><a href=\"http:\/\/www.scientifica.de\" target=\"_blank\" rel=\"noopener\">Scientifica Frauen in Wissenschaft und Technik in Baden-W\u00fcrttemberg<\/a><\/li>\n<li><a href=\"http:\/\/www.zu.de\/studium-weiterbildung\/das-studium\/spoff\/student-counseling.php\" target=\"_blank\" rel=\"noopener\">Zeppelin Universit\u00e4t Friedrichshafen<\/a><\/li>\n<li><a href=\"http:\/\/www.zhaw.ch\/linguistik\" target=\"_blank\" rel=\"noopener\">ZHAW Z\u00fcrcher Hochschule f\u00fcr Angewandte Wissenschaften<\/a><\/li>\n<\/ul>\n","protected":false},"excerpt":{"rendered":"<p>AOZ Medios Z\u00fcrich, Nationaler Telefondolmetschdienst der Schweiz BD\u00dc Bundesverband der Dolmetscher und \u00dcbersetzer e.V. BLICKLABOR, Dr.\u00a0Mireille Trautmann,\u00a079117 Freiburg, www.blicklabor.de DHBW Duale Hochschulen Baden-W\u00fcrttemberg Hochschule Furtwangen University, HFU Akademie der Hochschule Furtwangen HTWG Hochschule f\u00fcr Technik Wirtschaft und Gestaltung Konstanz Women&#8217;s Business Management Contest IBH Internationale Bodensee-Hochschule Universit\u00e4t Konstanz, Zentrale Studienberatung Universit\u00e4t Konstanz, Department of Informatics [&hellip;]<\/p>\n","protected":false},"author":1,"featured_media":0,"parent":0,"menu_order":0,"comment_status":"closed","ping_status":"closed","template":"","meta":{"footnotes":""},"class_list":["post-18","page","type-page","status-publish","hentry"],"_links":{"self":[{"href":"https:\/\/pruefungskompetenz.de\/w\/wp-json\/wp\/v2\/pages\/18","targetHints":{"allow":["GET"]}}],"collection":[{"href":"https:\/\/pruefungskompetenz.de\/w\/wp-json\/wp\/v2\/pages"}],"about":[{"href":"https:\/\/pruefungskompetenz.de\/w\/wp-json\/wp\/v2\/types\/page"}],"author":[{"embeddable":true,"href":"https:\/\/pruefungskompetenz.de\/w\/wp-json\/wp\/v2\/users\/1"}],"replies":[{"embeddable":true,"href":"https:\/\/pruefungskompetenz.de\/w\/wp-json\/wp\/v2\/comments?post=18"}],"version-history":[{"count":19,"href":"https:\/\/pruefungskompetenz.de\/w\/wp-json\/wp\/v2\/pages\/18\/revisions"}],"predecessor-version":[{"id":1147,"href":"https:\/\/pruefungskompetenz.de\/w\/wp-json\/wp\/v2\/pages\/18\/revisions\/1147"}],"wp:attachment":[{"href":"https:\/\/pruefungskompetenz.de\/w\/wp-json\/wp\/v2\/media?parent=18"}],"curies":[{"name":"wp","href":"https:\/\/api.w.org\/{rel}","templated":true}]}}