{"id":16,"date":"2017-02-24T16:36:57","date_gmt":"2017-02-24T16:36:57","guid":{"rendered":"http:\/\/pruefungskompetenz.de\/w\/?page_id=16"},"modified":"2025-03-16T20:53:28","modified_gmt":"2025-03-16T19:53:28","slug":"angebot","status":"publish","type":"page","link":"https:\/\/pruefungskompetenz.de\/w\/","title":{"rendered":"COACHING UND SEMINARE"},"content":{"rendered":"<div class='flex_column_table av-j986o-e10df9c32dd8891ae908a5bf0000b46c sc-av_one_half av-equal-height-column-flextable'>\n<style type=\"text\/css\" data-created_by=\"avia_inline_auto\" id=\"style-css-av-j986o-e10df9c32dd8891ae908a5bf0000b46c\">\n#top .flex_column_table.av-equal-height-column-flextable.av-j986o-e10df9c32dd8891ae908a5bf0000b46c{\nmargin-top:35px;\nmargin-bottom:px;\n}\n.flex_column.av-j986o-e10df9c32dd8891ae908a5bf0000b46c{\n-webkit-border-radius:0px 0px 0px 0px;\n-moz-border-radius:0px 0px 0px 0px;\nborder-radius:0px 0px 0px 0px;\npadding:0px 0px 0px 0px;\n}\n<\/style>\n<div class='flex_column av-j986o-e10df9c32dd8891ae908a5bf0000b46c av_one_half  avia-builder-el-0  el_before_av_one_half  avia-builder-el-first  first flex_column_table_cell av-equal-height-column av-align-middle av-zero-column-padding '     ><style type=\"text\/css\" data-created_by=\"avia_inline_auto\" id=\"style-css-av-1uy9w-ed69b1b59c7fa63198fc7df9bdfc1c56\">\n.avia-image-container.av-1uy9w-ed69b1b59c7fa63198fc7df9bdfc1c56 img.avia_image{\nbox-shadow:none;\n}\n.avia-image-container.av-1uy9w-ed69b1b59c7fa63198fc7df9bdfc1c56 .av-image-caption-overlay-center{\ncolor:#ffffff;\n}\n<\/style>\n<div  class='avia-image-container av-1uy9w-ed69b1b59c7fa63198fc7df9bdfc1c56 av-styling-no-styling avia-align-center  avia-builder-el-1  avia-builder-el-no-sibling '   itemprop=\"image\" itemscope=\"itemscope\" itemtype=\"https:\/\/schema.org\/ImageObject\" ><div class=\"avia-image-container-inner\"><div class=\"avia-image-overlay-wrap\"><img decoding=\"async\" class='wp-image-923 avia-img-lazy-loading-not-923 avia_image ' src=\"https:\/\/pruefungskompetenz.de\/w\/wp-content\/uploads\/2021\/10\/DSC00463-300x205.jpg\" alt='' title='DSC00463'  height=\"205\" width=\"300\"  itemprop=\"thumbnailUrl\" srcset=\"https:\/\/pruefungskompetenz.de\/w\/wp-content\/uploads\/2021\/10\/DSC00463-300x205.jpg 300w, https:\/\/pruefungskompetenz.de\/w\/wp-content\/uploads\/2021\/10\/DSC00463-768x525.jpg 768w, https:\/\/pruefungskompetenz.de\/w\/wp-content\/uploads\/2021\/10\/DSC00463-705x482.jpg 705w, https:\/\/pruefungskompetenz.de\/w\/wp-content\/uploads\/2021\/10\/DSC00463-450x308.jpg 450w, https:\/\/pruefungskompetenz.de\/w\/wp-content\/uploads\/2021\/10\/DSC00463.jpg 1000w\" sizes=\"(max-width: 300px) 100vw, 300px\" \/><\/div><\/div><\/div><\/div>\n<div class='av-flex-placeholder'><\/div>\n<style type=\"text\/css\" data-created_by=\"avia_inline_auto\" id=\"style-css-av-iehbg-16fb8c78510fa050f12be6e619542d96\">\n#top .flex_column_table.av-equal-height-column-flextable.av-iehbg-16fb8c78510fa050f12be6e619542d96{\nmargin-top:35px;\nmargin-bottom:70px;\n}\n.flex_column.av-iehbg-16fb8c78510fa050f12be6e619542d96{\n-webkit-border-radius:0px 0px 0px 0px;\n-moz-border-radius:0px 0px 0px 0px;\nborder-radius:0px 0px 0px 0px;\npadding:0px 0px 0px 0px;\n}\n<\/style>\n<div class='flex_column av-iehbg-16fb8c78510fa050f12be6e619542d96 av_one_half  avia-builder-el-2  el_after_av_one_half  el_before_av_one_full  flex_column_table_cell av-equal-height-column av-align-middle '     ><section  class='av_textblock_section av-hqiw8-1b9b67974230147845c8fd12700518c2'  itemscope=\"itemscope\" itemtype=\"https:\/\/schema.org\/CreativeWork\" ><div class='avia_textblock'  itemprop=\"text\" ><h2>PR\u00dcFUNGSCOACHING <span style=\"color: #C36E2D; font-size: 25px;\">&#038;<\/span><\/h2>\n<h2>KOMPETENZBERATUNG<\/h2>\n<p>Seit 1991 unterst\u00fctze ich erfolgreich Menschen vor Pr\u00fcfungen und in pr\u00fcfungs\u00e4hnlichen Berufssituationen.<\/p>\n<\/div><\/section><\/div><\/div><!--close column table wrapper. Autoclose: 1 -->\n\n<style type=\"text\/css\" data-created_by=\"avia_inline_auto\" id=\"style-css-av-gzuk0-c402bd013b159d8b8f7991f73f90c0a4\">\n.flex_column.av-gzuk0-c402bd013b159d8b8f7991f73f90c0a4{\n-webkit-border-radius:0px 0px 0px 0px;\n-moz-border-radius:0px 0px 0px 0px;\nborder-radius:0px 0px 0px 0px;\npadding:0px 0px 0px 0px;\n}\n<\/style>\n<div class='flex_column av-gzuk0-c402bd013b159d8b8f7991f73f90c0a4 av_one_full  avia-builder-el-4  el_after_av_one_half  el_before_av_one_full  first flex_column_div av-animated-generic pop-up av-zero-column-padding column-top-margin'     ><div  class='av_promobox av-1m4ao-1513cfae334b69356c9b6476ed5f41e5 avia-button-yes  avia-builder-el-5  avia-builder-el-no-sibling '><div class='avia-promocontent'><\/p>\n<h6>Schicken Sie mir eine Nachricht<\/h6>\n<p><span style=\"color: #c75732;\">info@pruefungskompetenz.de<\/span><\/p>\n<\/div><div  class='avia-button-wrap av-1m4ao-4fd42357235cc7eef4be73608520ee23-wrap avia-button-right '><a href='https:\/\/pruefungskompetenz.de\/w\/kontakt\/'  class='avia-button av-1m4ao-4fd42357235cc7eef4be73608520ee23 avia-icon_select-yes-left-icon avia-size-large avia-position-right avia-color-theme-color'  ><span class='avia_button_icon avia_button_icon_left' aria-hidden='true' data-av_icon='\ue836' data-av_iconfont='entypo-fontello'><\/span><span class='avia_iconbox_title' >zum Formular<\/span><\/a><\/div><\/div><\/div>\n\n<style type=\"text\/css\" data-created_by=\"avia_inline_auto\" id=\"style-css-av-fowa0-e0bca8e9bd4e535745c264ec4ce2ce74\">\n.flex_column.av-fowa0-e0bca8e9bd4e535745c264ec4ce2ce74{\n-webkit-border-radius:0px 0px 0px 0px;\n-moz-border-radius:0px 0px 0px 0px;\nborder-radius:0px 0px 0px 0px;\npadding:0px 0px 0px 0px;\n}\n<\/style>\n<div class='flex_column av-fowa0-e0bca8e9bd4e535745c264ec4ce2ce74 av_one_full  avia-builder-el-6  el_after_av_one_full  el_before_av_heading  first flex_column_div av-animated-generic pop-up av-zero-column-padding column-top-margin'     ><div  class='av_promobox av-f5chw-e9082459b2df1def2aa3c5482e284617 avia-button-yes  avia-builder-el-7  avia-builder-el-no-sibling '><div class='avia-promocontent'><\/p>\n<h6>oder rufen Sie mich an<\/h6>\n<p><a href=\"tel:+491639050352\">+49 163 9050352<\/a><\/p>\n<\/div><div  class='avia-button-wrap av-f5chw-407fe68c2323550a857f554539bb93c1-wrap avia-button-right '><a href='tel:+491639050352'  class='avia-button av-f5chw-407fe68c2323550a857f554539bb93c1 avia-icon_select-yes-left-icon avia-size-large avia-position-right avia-color-theme-color'  ><span class='avia_button_icon avia_button_icon_left' aria-hidden='true' data-av_icon='\ue854' data-av_iconfont='entypo-fontello'><\/span><span class='avia_iconbox_title' >anrufen<\/span><\/a><\/div><\/div><\/div>\n\n<div  class='hr av-cqbh0-14decc49f1da1e934d436931d7ab3d7b hr-default  avia-builder-el-9  el_after_av_heading  el_before_av_hr '><span class='hr-inner '><span class=\"hr-inner-style\"><\/span><\/span><\/div>\n\n<style type=\"text\/css\" data-created_by=\"avia_inline_auto\" id=\"style-css-av-c0yz0-81ea07b7c5b5cd12d3066017b5f69d43\">\n#top .hr.hr-invisible.av-c0yz0-81ea07b7c5b5cd12d3066017b5f69d43{\nheight:30px;\n}\n<\/style>\n<div  class='hr av-c0yz0-81ea07b7c5b5cd12d3066017b5f69d43 hr-invisible  avia-builder-el-10  el_after_av_hr  el_before_av_one_half '><span class='hr-inner '><span class=\"hr-inner-style\"><\/span><\/span><\/div>\n\n<style type=\"text\/css\" data-created_by=\"avia_inline_auto\" id=\"style-css-av-bszh0-5eadb751afa890e8a2fe9e29b98fe78f\">\n.flex_column.av-bszh0-5eadb751afa890e8a2fe9e29b98fe78f{\n-webkit-border-radius:0px 0px 0px 0px;\n-moz-border-radius:0px 0px 0px 0px;\nborder-radius:0px 0px 0px 0px;\npadding:0px 0px 0px 0px;\n}\n<\/style>\n<div class='flex_column av-bszh0-5eadb751afa890e8a2fe9e29b98fe78f av_one_half  avia-builder-el-11  el_after_av_hr  el_before_av_one_half  first flex_column_div av-zero-column-padding '     ><style type=\"text\/css\" data-created_by=\"avia_inline_auto\" id=\"style-css-av-auhko-d7c227bfdc9869db0f11b8c8ea64bcf1\">\n.iconbox.av-auhko-d7c227bfdc9869db0f11b8c8ea64bcf1 .iconbox_icon{\nbackground-color:#f4a589;\n}\n<\/style>\n<article  class='iconbox iconbox_top av-auhko-d7c227bfdc9869db0f11b8c8ea64bcf1  avia-builder-el-12  avia-builder-el-no-sibling  main_color'  itemscope=\"itemscope\" itemtype=\"https:\/\/schema.org\/CreativeWork\" ><div class=\"iconbox_content\"><header class=\"entry-content-header\"><a href='https:\/\/pruefungskompetenz.de\/w\/angebot\/lern-und-pruefungscoaching\/' title='Lern- und Pr\u00fcfungscoaching'  class=\"iconbox_icon heading-color\" aria-hidden='true' data-av_icon='\ue8c9' data-av_iconfont='entypo-fontello'><\/a><h3 class='iconbox_content_title '  itemprop=\"headline\" ><a href='https:\/\/pruefungskompetenz.de\/w\/angebot\/lern-und-pruefungscoaching\/' title='Lern- und Pr\u00fcfungscoaching' >Lern- und Pr\u00fcfungscoaching<\/a><\/h3><\/header><div class='iconbox_content_container '  itemprop=\"text\" ><\/div><\/div><footer class=\"entry-footer\"><\/footer><\/article><\/div>\n\n<style type=\"text\/css\" data-created_by=\"avia_inline_auto\" id=\"style-css-av-aats4-e07a81621b58ab85cbfb9bf114ce6556\">\n.flex_column.av-aats4-e07a81621b58ab85cbfb9bf114ce6556{\n-webkit-border-radius:0px 0px 0px 0px;\n-moz-border-radius:0px 0px 0px 0px;\nborder-radius:0px 0px 0px 0px;\npadding:0px 0px 0px 0px;\n}\n<\/style>\n<div class='flex_column av-aats4-e07a81621b58ab85cbfb9bf114ce6556 av_one_half  avia-builder-el-13  el_after_av_one_half  el_before_av_one_half  flex_column_div av-zero-column-padding '     ><style type=\"text\/css\" data-created_by=\"avia_inline_auto\" id=\"style-css-av-9wa8w-1676a601f1901196805cfef81162a9c8\">\n.iconbox.av-9wa8w-1676a601f1901196805cfef81162a9c8 .iconbox_icon{\nbackground-color:#f4a589;\n}\n<\/style>\n<article  class='iconbox iconbox_top av-9wa8w-1676a601f1901196805cfef81162a9c8  avia-builder-el-14  avia-builder-el-no-sibling  main_color'  itemscope=\"itemscope\" itemtype=\"https:\/\/schema.org\/CreativeWork\" ><div class=\"iconbox_content\"><header class=\"entry-content-header\"><a href='https:\/\/pruefungskompetenz.de\/w\/angebot\/studien-und-berufswahlberatung\/' title='Studien- und Berufswahlberatung'  class=\"iconbox_icon heading-color\" aria-hidden='true' data-av_icon='\ue849' data-av_iconfont='entypo-fontello'><\/a><h3 class='iconbox_content_title '  itemprop=\"headline\" ><a href='https:\/\/pruefungskompetenz.de\/w\/angebot\/studien-und-berufswahlberatung\/' title='Studien- und Berufswahlberatung' >Studien- und Berufswahlberatung<\/a><\/h3><\/header><div class='iconbox_content_container '  itemprop=\"text\" ><\/div><\/div><footer class=\"entry-footer\"><\/footer><\/article><\/div>\n\n<style type=\"text\/css\" data-created_by=\"avia_inline_auto\" id=\"style-css-av-9b5zg-6d6ee1eb29da58aee9d686d2694e1f9e\">\n.flex_column.av-9b5zg-6d6ee1eb29da58aee9d686d2694e1f9e{\n-webkit-border-radius:0px 0px 0px 0px;\n-moz-border-radius:0px 0px 0px 0px;\nborder-radius:0px 0px 0px 0px;\npadding:0px 0px 0px 0px;\n}\n<\/style>\n<div class='flex_column av-9b5zg-6d6ee1eb29da58aee9d686d2694e1f9e av_one_half  avia-builder-el-15  el_after_av_one_half  el_before_av_one_half  first flex_column_div av-zero-column-padding column-top-margin'     ><style type=\"text\/css\" data-created_by=\"avia_inline_auto\" id=\"style-css-av-8j46o-df5ab377182d7b6671089172b3829888\">\n.iconbox.av-8j46o-df5ab377182d7b6671089172b3829888 .iconbox_icon{\nbackground-color:#f4a589;\n}\n<\/style>\n<article  class='iconbox iconbox_top av-8j46o-df5ab377182d7b6671089172b3829888  avia-builder-el-16  avia-builder-el-no-sibling  main_color'  itemscope=\"itemscope\" itemtype=\"https:\/\/schema.org\/CreativeWork\" ><div class=\"iconbox_content\"><header class=\"entry-content-header\"><a href='https:\/\/pruefungskompetenz.de\/w\/angebot\/berufliches-coaching\/' title='Berufliches &lt;br \/&gt; Coaching'  class=\"iconbox_icon heading-color\" aria-hidden='true' data-av_icon='\ue80b' data-av_iconfont='entypo-fontello'><\/a><h3 class='iconbox_content_title '  itemprop=\"headline\" ><a href='https:\/\/pruefungskompetenz.de\/w\/angebot\/berufliches-coaching\/' title='Berufliches &lt;br \/&gt; Coaching' >Berufliches <br \/> Coaching<\/a><\/h3><\/header><div class='iconbox_content_container '  itemprop=\"text\" ><\/div><\/div><footer class=\"entry-footer\"><\/footer><\/article><\/div>\n\n<style type=\"text\/css\" data-created_by=\"avia_inline_auto\" id=\"style-css-av-86bug-f4d8bbc4be43093d8635f5f1c8c0d026\">\n.flex_column.av-86bug-f4d8bbc4be43093d8635f5f1c8c0d026{\n-webkit-border-radius:0px 0px 0px 0px;\n-moz-border-radius:0px 0px 0px 0px;\nborder-radius:0px 0px 0px 0px;\npadding:0px 0px 0px 0px;\n}\n<\/style>\n<div class='flex_column av-86bug-f4d8bbc4be43093d8635f5f1c8c0d026 av_one_half  avia-builder-el-17  el_after_av_one_half  el_before_av_one_half  flex_column_div av-zero-column-padding column-top-margin'     ><style type=\"text\/css\" data-created_by=\"avia_inline_auto\" id=\"style-css-av-7mj44-394d98eabe93b3e63b0b0ebc1ee7835a\">\n.iconbox.av-7mj44-394d98eabe93b3e63b0b0ebc1ee7835a .iconbox_icon{\nbackground-color:#f4a589;\n}\n<\/style>\n<article  class='iconbox iconbox_top av-7mj44-394d98eabe93b3e63b0b0ebc1ee7835a  avia-builder-el-18  avia-builder-el-no-sibling  main_color'  itemscope=\"itemscope\" itemtype=\"https:\/\/schema.org\/CreativeWork\" ><div class=\"iconbox_content\"><header class=\"entry-content-header\"><a href='https:\/\/pruefungskompetenz.de\/w\/angebot\/berufliche-um-und-neuorientierung\/' title='Berufliche Neuorientierung'  class=\"iconbox_icon heading-color\" aria-hidden='true' data-av_icon='\ue841' data-av_iconfont='entypo-fontello'><\/a><h3 class='iconbox_content_title '  itemprop=\"headline\" ><a href='https:\/\/pruefungskompetenz.de\/w\/angebot\/berufliche-um-und-neuorientierung\/' title='Berufliche Neuorientierung' >Berufliche Neuorientierung<\/a><\/h3><\/header><div class='iconbox_content_container '  itemprop=\"text\" ><\/div><\/div><footer class=\"entry-footer\"><\/footer><\/article><\/div>\n\n<style type=\"text\/css\" data-created_by=\"avia_inline_auto\" id=\"style-css-av-6qsoc-33e6b42c4232bcd66b31e15a2ca0cf82\">\n.flex_column.av-6qsoc-33e6b42c4232bcd66b31e15a2ca0cf82{\n-webkit-border-radius:0px 0px 0px 0px;\n-moz-border-radius:0px 0px 0px 0px;\nborder-radius:0px 0px 0px 0px;\npadding:0px 0px 0px 0px;\n}\n<\/style>\n<div class='flex_column av-6qsoc-33e6b42c4232bcd66b31e15a2ca0cf82 av_one_half  avia-builder-el-19  el_after_av_one_half  el_before_av_hr  first flex_column_div av-zero-column-padding column-top-margin'     ><style type=\"text\/css\" data-created_by=\"avia_inline_auto\" id=\"style-css-av-6icw8-ece52e35b6c162f8b95864aef0cdc0dd\">\n.iconbox.av-6icw8-ece52e35b6c162f8b95864aef0cdc0dd .iconbox_icon{\nbackground-color:#f4a589;\n}\n<\/style>\n<article  class='iconbox iconbox_top av-6icw8-ece52e35b6c162f8b95864aef0cdc0dd  avia-builder-el-20  avia-builder-el-no-sibling  main_color'  itemscope=\"itemscope\" itemtype=\"https:\/\/schema.org\/CreativeWork\" ><div class=\"iconbox_content\"><header class=\"entry-content-header\"><a href='https:\/\/pruefungskompetenz.de\/w\/angebot\/seminare\/' title='Seminare'  class=\"iconbox_icon heading-color\" aria-hidden='true' data-av_icon='\ue80b' data-av_iconfont='entypo-fontello'><\/a><h3 class='iconbox_content_title '  itemprop=\"headline\" ><a href='https:\/\/pruefungskompetenz.de\/w\/angebot\/seminare\/' title='Seminare' >Seminare<\/a><\/h3><\/header><div class='iconbox_content_container '  itemprop=\"text\" ><\/div><\/div><footer class=\"entry-footer\"><\/footer><\/article><\/div>\n<div  class='hr av-klws-931cb3756c0e648c2b7015c251a5fa8b hr-default  avia-builder-el-21  el_after_av_one_half  el_before_av_one_full '><span class='hr-inner '><span class=\"hr-inner-style\"><\/span><\/span><\/div>\n\n<style type=\"text\/css\" data-created_by=\"avia_inline_auto\" id=\"style-css-av-59p98-f021ace1def69ee96d80b728aad11c5d\">\n.flex_column.av-59p98-f021ace1def69ee96d80b728aad11c5d{\n-webkit-border-radius:0px 0px 0px 0px;\n-moz-border-radius:0px 0px 0px 0px;\nborder-radius:0px 0px 0px 0px;\npadding:20px 0 20px 0;\n}\n<\/style>\n<div class='flex_column av-59p98-f021ace1def69ee96d80b728aad11c5d av_one_full  avia-builder-el-22  el_after_av_hr  el_before_av_one_full  first flex_column_div av-animated-generic pop-up '     ><style type=\"text\/css\" data-created_by=\"avia_inline_auto\" id=\"style-css-av-49dgo-6f6d6c501c60055fad334e53fc821aee\">\n#top .av_textblock_section.av-49dgo-6f6d6c501c60055fad334e53fc821aee .avia_textblock{\nfont-size:21px;\n}\n<\/style>\n<section  class='av_textblock_section av-49dgo-6f6d6c501c60055fad334e53fc821aee'  itemscope=\"itemscope\" itemtype=\"https:\/\/schema.org\/CreativeWork\" ><div class='avia_textblock'  itemprop=\"text\" ><h2 style=\"text-align: center;\"><a href=\"https:\/\/pruefungskompetenz.de\/w\/feedback\/\">KUNDENREZENSIONEN<\/a><\/h2>\n<\/div><\/section><\/div>\n\n<style type=\"text\/css\" data-created_by=\"avia_inline_auto\" id=\"style-css-av-40jy4-7b10720b5287b201c9d3f39d8db5a5a8\">\n#top .flex_column.av-40jy4-7b10720b5287b201c9d3f39d8db5a5a8{\nmargin-top:40px;\nmargin-bottom:20px;\n}\n.flex_column.av-40jy4-7b10720b5287b201c9d3f39d8db5a5a8{\nborder-width:1px;\nborder-color:#dbdbdb;\nborder-style:solid;\n-webkit-border-radius:0px 0px 0px 0px;\n-moz-border-radius:0px 0px 0px 0px;\nborder-radius:0px 0px 0px 0px;\npadding:0px 0px 0px 0px;\n}\n.responsive #top #wrap_all .flex_column.av-40jy4-7b10720b5287b201c9d3f39d8db5a5a8{\nmargin-top:40px;\nmargin-bottom:20px;\n}\n<\/style>\n<div class='flex_column av-40jy4-7b10720b5287b201c9d3f39d8db5a5a8 av_one_full  avia-builder-el-24  el_after_av_one_full  avia-builder-el-last  first flex_column_div av-zero-column-padding column-top-margin'     ><div  class='avia-testimonial-wrapper av-35yv8-e4c9670a9ccbe0f439a774b919396a62 avia-slider-testimonials avia-slider-3-testimonials avia_animate_when_almost_visible av-large-testimonial-slider av-slideshow-ui av-control-default av-no-slider-navigation av-slider-hover-pause av-slideshow-autoplay av-loop-endless av-loop-manual-endless' data-slideshow-options=\"{&quot;animation&quot;:&quot;fade&quot;,&quot;autoplay&quot;:true,&quot;loop_autoplay&quot;:&quot;endless&quot;,&quot;interval&quot;:6,&quot;loop_manual&quot;:&quot;manual-endless&quot;,&quot;autoplay_stopper&quot;:false,&quot;noNavigation&quot;:false,&quot;bg_slider&quot;:false,&quot;keep_padding&quot;:&quot;&quot;,&quot;hoverpause&quot;:true,&quot;show_slide_delay&quot;:0}\">\n<section class=\"avia-testimonial-row\"><div class='avia-testimonial av-2j5kk-483e43df187fe4430e55663d80186e24 avia-testimonial-row-1 avia-first-testimonial flex_column no_margin av_one_third'><div class='avia-testimonial_inner'  itemscope=\"itemscope\" itemtype=\"https:\/\/schema.org\/CreativeWork\" ><div class='avia-testimonial-content '><div class='avia-testimonial-markup-entry-content'  itemprop=\"text\" ><p><a href=\"https:\/\/pruefungskompetenz.de\/w\/feedback\/\">Herzlichen Dank daf\u00fcr\u2026 Ich habe viel Positives aus dem Coaching ziehen k\u00f6nnen und hoffe, das Gelernte zielf\u00fchrend einzusetzen. (Mail 20.4.21)<\/a><\/p>\n<\/div><\/div><div class=\"avia-testimonial-meta\"><div class=\"avia-testimonial-arrow-wrap\"><div class=\"avia-arrow\"><\/div><\/div><div class='avia-testimonial-meta-mini'  itemprop=\"author\" itemscope=\"itemscope\" itemtype=\"https:\/\/schema.org\/Person\" ><strong  class='avia-testimonial-name'  itemprop=\"name\" >Studierende<\/strong><\/div><\/div><\/div><\/div>\n<div class='avia-testimonial av-1x7lo-941f7e4c07f4da55e04d34a9ab2f1cf0 avia-testimonial-row-1 flex_column no_margin av_one_third'><div class='avia-testimonial_inner'  itemscope=\"itemscope\" itemtype=\"https:\/\/schema.org\/CreativeWork\" ><div class='avia-testimonial-content '><div class='avia-testimonial-markup-entry-content'  itemprop=\"text\" ><p><a href=\"https:\/\/pruefungskompetenz.de\/w\/feedback\/\">Ich wollte mich von ganzen Herzen bei Ihnen bedanken! Meine Pr\u00fcfungen sind noch gut verlaufen und Mathe habe ich mit einer 2,3 bestanden. (Mail 14.4.21)<\/a><\/p>\n<\/div><\/div><div class=\"avia-testimonial-meta\"><div class=\"avia-testimonial-arrow-wrap\"><div class=\"avia-arrow\"><\/div><\/div><div class='avia-testimonial-meta-mini'  itemprop=\"author\" itemscope=\"itemscope\" itemtype=\"https:\/\/schema.org\/Person\" ><strong  class='avia-testimonial-name'  itemprop=\"name\" >Studierende<\/strong><\/div><\/div><\/div><\/div>\n<div class='avia-testimonial av-1ko7o-a874d521475742de3582f98816886e69 avia-testimonial-row-1 flex_column no_margin av_one_third'><div class='avia-testimonial_inner'  itemscope=\"itemscope\" itemtype=\"https:\/\/schema.org\/CreativeWork\" ><div class='avia-testimonial-content '><div class='avia-testimonial-markup-entry-content'  itemprop=\"text\" ><div class=\"rating__body-comment-content-headline\">\n<p><a href=\"https:\/\/pruefungskompetenz.de\/w\/feedback\/\">Es freut mich sehr, dass die Hochschule so eine starke Pers\u00f6nlichkeit wie Sie es sind, gewinnen konnte, um in unseren Nachwuchs zu investieren sowie unser Personal fortzubilden und stetig zu f\u00f6rdern.<\/a><\/p>\n<\/div>\n<\/div><\/div><div class=\"avia-testimonial-meta\"><div class=\"avia-testimonial-arrow-wrap\"><div class=\"avia-arrow\"><\/div><\/div><div class='avia-testimonial-meta-mini'  itemprop=\"author\" itemscope=\"itemscope\" itemtype=\"https:\/\/schema.org\/Person\" ><strong  class='avia-testimonial-name'  itemprop=\"name\" >Dipl.-Ingenieurin (FH)<\/strong><span  class='avia-testimonial-subtitle '  itemprop=\"jobTitle\" >Karrierecoaching<\/span><\/div><\/div><\/div><\/div>\n<div class='avia-testimonial av-rz9k-93742273b7fae47fed1b9cb0b5b20330 avia-testimonial-row-1 flex_column no_margin av_one_third'><div class='avia-testimonial_inner'  itemscope=\"itemscope\" itemtype=\"https:\/\/schema.org\/CreativeWork\" ><div class='avia-testimonial-content '><div class='avia-testimonial-markup-entry-content'  itemprop=\"text\" ><p><a href=\"https:\/\/pruefungskompetenz.de\/w\/feedback\/\">Herzlichen Dank f\u00fcr die Unterlagen und die vielen Tipps+Tricks. Ich habe das Gespr\u00e4ch sehr mit Ihnen genossen und werde versuchen, so manchen Aspekt zu ber\u00fccksichtigen.<\/a><\/p>\n<\/div><\/div><div class=\"avia-testimonial-meta\"><div class=\"avia-testimonial-arrow-wrap\"><div class=\"avia-arrow\"><\/div><\/div><div class='avia-testimonial-meta-mini'  itemprop=\"author\" itemscope=\"itemscope\" itemtype=\"https:\/\/schema.org\/Person\" ><strong  class='avia-testimonial-name'  itemprop=\"name\" >Biotechnologin<\/strong><span  class='avia-testimonial-subtitle '  itemprop=\"jobTitle\" >Kommunikation im Beruf<\/span><\/div><\/div><\/div><\/div>\n<div class='avia-testimonial av-lo9o8810-369fa0e56192ad935426e1af4c553130 avia-testimonial-row-1 flex_column no_margin av_one_third'><div class='avia-testimonial_inner'  itemscope=\"itemscope\" itemtype=\"https:\/\/schema.org\/CreativeWork\" ><div class='avia-testimonial-content '><div class='avia-testimonial-markup-entry-content'  itemprop=\"text\" ><p>Dank Ihnen und Ihrer tollen Arbeit konnte die Zentrale Studienberatung Studierenden helfen und weiterbringen. Ich freue mich \u00fcber weitere Begegnungen, Gespr\u00e4che und Projekte mit Ihnen.<\/p>\n<\/div><\/div><div class=\"avia-testimonial-meta\"><div class=\"avia-testimonial-arrow-wrap\"><div class=\"avia-arrow\"><\/div><\/div><div class='avia-testimonial-meta-mini'  itemprop=\"author\" itemscope=\"itemscope\" itemtype=\"https:\/\/schema.org\/Person\" ><strong  class='avia-testimonial-name'  itemprop=\"name\" >Studienberaterin<\/strong><span  class='avia-testimonial-subtitle '  itemprop=\"jobTitle\" >HHN<\/span><\/div><\/div><\/div><\/div>\n<\/section><div class='avia-slideshow-arrows avia-slideshow-controls' ><a href='#prev' class='prev-slide ' aria-hidden='true' data-av_icon='\ue87c' data-av_iconfont='entypo-fontello'  tabindex='-1'>Zur\u00fcck<\/a><a href='#next' class='next-slide ' aria-hidden='true' data-av_icon='\ue87d' data-av_iconfont='entypo-fontello'  tabindex='-1'>Weiter<\/a><\/div><\/div><\/div>\n","protected":false},"excerpt":{"rendered":"","protected":false},"author":1,"featured_media":0,"parent":0,"menu_order":0,"comment_status":"closed","ping_status":"closed","template":"","meta":{"footnotes":""},"class_list":["post-16","page","type-page","status-publish","hentry"],"_links":{"self":[{"href":"https:\/\/pruefungskompetenz.de\/w\/wp-json\/wp\/v2\/pages\/16","targetHints":{"allow":["GET"]}}],"collection":[{"href":"https:\/\/pruefungskompetenz.de\/w\/wp-json\/wp\/v2\/pages"}],"about":[{"href":"https:\/\/pruefungskompetenz.de\/w\/wp-json\/wp\/v2\/types\/page"}],"author":[{"embeddable":true,"href":"https:\/\/pruefungskompetenz.de\/w\/wp-json\/wp\/v2\/users\/1"}],"replies":[{"embeddable":true,"href":"https:\/\/pruefungskompetenz.de\/w\/wp-json\/wp\/v2\/comments?post=16"}],"version-history":[{"count":143,"href":"https:\/\/pruefungskompetenz.de\/w\/wp-json\/wp\/v2\/pages\/16\/revisions"}],"predecessor-version":[{"id":1529,"href":"https:\/\/pruefungskompetenz.de\/w\/wp-json\/wp\/v2\/pages\/16\/revisions\/1529"}],"wp:attachment":[{"href":"https:\/\/pruefungskompetenz.de\/w\/wp-json\/wp\/v2\/media?parent=16"}],"curies":[{"name":"wp","href":"https:\/\/api.w.org\/{rel}","templated":true}]}}