{"id":15,"date":"2017-02-24T16:36:57","date_gmt":"2017-02-24T16:36:57","guid":{"rendered":"http:\/\/pruefungskompetenz.de\/w\/?page_id=15"},"modified":"2021-10-03T18:50:24","modified_gmt":"2021-10-03T18:50:24","slug":"profil","status":"publish","type":"page","link":"https:\/\/pruefungskompetenz.de\/w\/profil\/","title":{"rendered":"Profil"},"content":{"rendered":"<section  class='av_textblock_section av-av_textblock-396ddf1f42196ca838231e61a4602801'  itemscope=\"itemscope\" itemtype=\"https:\/\/schema.org\/CreativeWork\" ><div class='avia_textblock'  itemprop=\"text\" ><p>Dipl.-Ing. agr. Gabriele Koch<br \/>\nGesundheitsp\u00e4dagogin (FH)<\/p>\n<p>Seit 1991 selbstst\u00e4ndig als Beraterin f\u00fcr Effektives Lernen und Pr\u00fcfungserfolg, Studien- und Berufswahl, Berufliche Kompetenzentwicklung und Berufliche Neuorientierung.<\/p>\n<p>Seit 1998 Lehrauftrag an der Universit\u00e4t Mainz. Seminart\u00e4tigkeit u. a. f\u00fcr Universit\u00e4t und HTWG Konstanz, BD\u00dc Bundesverband der Dolmetscher und \u00dcbersetzer e.V., Duale Hochschulen Baden-W\u00fcrttemberg, Hochschule Furtwangen University, informatica und meccanica feminale Baden-W\u00fcrttemberg, IBH Internationale Bodensee Hochschule, Klinikum Konstanz, Nationaler Telefondolmetschdienst der Schweiz \/ AOZ Z\u00fcrich, Zeppelin University Friedrichshafen, ZHAW Z\u00fcrcher Hochschule f\u00fcr Angewandte Wissenschaften.<\/p>\n<p>Mentorin an Universit\u00e4t und HTWG Konstanz. Mitglied im Netzwerk Fortbildung Baden-W\u00fcrttemberg und Technologiezentrum Konstanz e.V.<\/p>\n<p>1987 &#8211; 91 Berufsbegleitende Weiterbildung zur P\u00e4dagogin f\u00fcr psychosomatische Gesundheitsbildung, Stiftungsfachhochschule M\u00fcnchen, Institut f\u00fcr Fort- und Weiterbildung, Forschung und Entwicklung. Danach Fortbildungen u. a. in Z\u00fcrcher Ressourcenmodell f\u00fcr Selbstmanagement und Pers\u00f6nlichkeitsentwicklung, Systemische Strukturaufstellungen \/ Systemisches Coaching, Berufswahl und Berufsorientierung, Erfolgsteambildung, Ziel- und prozessorientierte Gespr\u00e4chsf\u00fchrung und berufsbezogene Supervision.<\/p>\n<p>1985 &#8211; 90 Diplom-Agraringenieurin, Schwerpunkte Kommunikations- und Beratungslehre und \u00d6kologie, Universit\u00e4ten G\u00f6ttingen und Stuttgart-Hohenheim. Redakteurin bei einer wissenschaftlichen Fachzeitschrift und freie Fachjournalistin.<\/p>\n<\/div><\/section>\n","protected":false},"excerpt":{"rendered":"","protected":false},"author":1,"featured_media":0,"parent":0,"menu_order":0,"comment_status":"closed","ping_status":"closed","template":"","meta":{"footnotes":""},"class_list":["post-15","page","type-page","status-publish","hentry"],"_links":{"self":[{"href":"https:\/\/pruefungskompetenz.de\/w\/wp-json\/wp\/v2\/pages\/15","targetHints":{"allow":["GET"]}}],"collection":[{"href":"https:\/\/pruefungskompetenz.de\/w\/wp-json\/wp\/v2\/pages"}],"about":[{"href":"https:\/\/pruefungskompetenz.de\/w\/wp-json\/wp\/v2\/types\/page"}],"author":[{"embeddable":true,"href":"https:\/\/pruefungskompetenz.de\/w\/wp-json\/wp\/v2\/users\/1"}],"replies":[{"embeddable":true,"href":"https:\/\/pruefungskompetenz.de\/w\/wp-json\/wp\/v2\/comments?post=15"}],"version-history":[{"count":16,"href":"https:\/\/pruefungskompetenz.de\/w\/wp-json\/wp\/v2\/pages\/15\/revisions"}],"predecessor-version":[{"id":980,"href":"https:\/\/pruefungskompetenz.de\/w\/wp-json\/wp\/v2\/pages\/15\/revisions\/980"}],"wp:attachment":[{"href":"https:\/\/pruefungskompetenz.de\/w\/wp-json\/wp\/v2\/media?parent=15"}],"curies":[{"name":"wp","href":"https:\/\/api.w.org\/{rel}","templated":true}]}}