{"id":1416,"date":"2023-04-20T13:54:33","date_gmt":"2023-04-20T12:54:33","guid":{"rendered":"https:\/\/pruefungskompetenz.de\/w\/?page_id=1416"},"modified":"2024-08-10T21:03:58","modified_gmt":"2024-08-10T20:03:58","slug":"workshop-pruefungen-erfolgreich-bestehen","status":"publish","type":"page","link":"https:\/\/pruefungskompetenz.de\/w\/workshop-pruefungen-erfolgreich-bestehen\/","title":{"rendered":"Workshop: &#8222;Ich spreche gern&#8220;"},"content":{"rendered":"<section  class='av_textblock_section av-lo7f2l8m-b76a18173c0a14c402ce7e915184e970'  itemscope=\"itemscope\" itemtype=\"https:\/\/schema.org\/CreativeWork\" ><div class='avia_textblock'  itemprop=\"text\" ><p>Das ganz andere Seminar f\u00fcr mehr Sicherheit und Souver\u00e4nit\u00e4t in Sprech-Situationen<\/p>\n<p>Inhouse-Seminar auf Anfrage<\/p>\n<p>Sie f\u00fchlen sich in bestimmten Sprechsituationen nicht wohl oder nicht ausreichend kompetent? Oder sogar: Die H\u00e4nde zittern, die Knie werden weich, die Stimme versagt und das, was Sie sagen wollen, ist pl\u00f6tzlich weg?<br \/>\nLernen Sie k\u00f6rperliche Grundlagen und praktische, schnell wirksame \u00dcbungen kennen, um in wichtigen Situationen kompetent zu sprechen. In Pr\u00e4senz oder am Bildschirm. F\u00fcr Pr\u00e4sentation &#8211; Vortrag &#8211; Pr\u00fcfung &#8211; Kolloquium &#8211; Disputation, Rigorosum &#8211; Bewerbung, AC &#8211; Referendariat &#8211; Verhandlung &#8211; in Fremdsprachen<\/p>\n<p><u>Inhalt<\/u><\/p>\n<ul>\n<li>Individuelle W\u00fcnsche und Ziele der Teilnehmenden<\/li>\n<li>K\u00f6rperliche Grundlagen f\u00fcr Sicherheit und Souver\u00e4nit\u00e4t<\/li>\n<li>Sehen und gesehen werden. Blickkontakt aufnehmen und auf Notizen, Folien oder Charts das richtige Stichwort wiederfinden<\/li>\n<li>Gut h\u00f6ren und geh\u00f6rt werden<\/li>\n<li>Pr\u00e4sent sein, sich gut konzentrieren und fokussieren. Auf Einzelheiten achten und den \u00dcberblick behalten<\/li>\n<li>Die Aufmerksamkeit der Zuh\u00f6renden gewinnen<\/li>\n<li>Im Fluss bleiben, flie\u00dfend sprechen, den \u201eroten Faden\u201c nicht verlieren. Inhalte abrufen und gut strukturiert ausdr\u00fccken. Klar und angenehm sprechen, gut kommunizieren, Fragen souver\u00e4n beantworten<\/li>\n<li>Innere Balance und k\u00f6rperliches Gleichgewicht. Die \u201eindividuelle Wohlf\u00fchlhaltung\u201c<\/li>\n<li>Nervosit\u00e4t \/ Redeangst abbauen: Denk- und Handlungsf\u00e4higkeit contra &#8222;\u00dcberlebensmodus&#8220;<\/li>\n<\/ul>\n<p><u>Methoden<\/u><\/p>\n<ul>\n<li>Kriterienarbeit f\u00fcr freies Sprechen<\/li>\n<li>Handlungswirksame Ziele formulieren<\/li>\n<li>Spezifische Aktivierungs- und Entspannungs\u00fcbungen<\/li>\n<li>Wahrnehmungs- und Mental-\u00dcbungen, Ressourcenaktivierung<\/li>\n<li>Das &#8222;Ma\u00df der Herausforderung&#8220; bestimmt jede\/r Teilnehmer\/in selbst: Freiwilliges Halten von Kurzvortr\u00e4gen nach Wahl, zu freien oder fachlichen Themen, in der Muttersprache oder einer Fremdsprache und \/ oder Simulieren von Sprechsituationen der Teilnehmenden<\/li>\n<li>Individuelles St\u00e4rkenfeedback und nur auf Wunsch Verbesserungsm\u00f6glichkeiten. Wir arbeiten ohne Videoanalyse<\/li>\n<\/ul>\n<\/div><\/section>\n","protected":false},"excerpt":{"rendered":"","protected":false},"author":2,"featured_media":0,"parent":0,"menu_order":0,"comment_status":"closed","ping_status":"closed","template":"","meta":{"footnotes":""},"class_list":["post-1416","page","type-page","status-publish","hentry"],"_links":{"self":[{"href":"https:\/\/pruefungskompetenz.de\/w\/wp-json\/wp\/v2\/pages\/1416","targetHints":{"allow":["GET"]}}],"collection":[{"href":"https:\/\/pruefungskompetenz.de\/w\/wp-json\/wp\/v2\/pages"}],"about":[{"href":"https:\/\/pruefungskompetenz.de\/w\/wp-json\/wp\/v2\/types\/page"}],"author":[{"embeddable":true,"href":"https:\/\/pruefungskompetenz.de\/w\/wp-json\/wp\/v2\/users\/2"}],"replies":[{"embeddable":true,"href":"https:\/\/pruefungskompetenz.de\/w\/wp-json\/wp\/v2\/comments?post=1416"}],"version-history":[{"count":20,"href":"https:\/\/pruefungskompetenz.de\/w\/wp-json\/wp\/v2\/pages\/1416\/revisions"}],"predecessor-version":[{"id":1511,"href":"https:\/\/pruefungskompetenz.de\/w\/wp-json\/wp\/v2\/pages\/1416\/revisions\/1511"}],"wp:attachment":[{"href":"https:\/\/pruefungskompetenz.de\/w\/wp-json\/wp\/v2\/media?parent=1416"}],"curies":[{"name":"wp","href":"https:\/\/api.w.org\/{rel}","templated":true}]}}