{"id":135,"date":"2017-01-31T09:12:48","date_gmt":"2017-01-31T09:12:48","guid":{"rendered":"http:\/\/pruefungskompetenz.de\/w\/?page_id=135"},"modified":"2023-10-27T13:52:09","modified_gmt":"2023-10-27T12:52:09","slug":"seminare","status":"publish","type":"page","link":"https:\/\/pruefungskompetenz.de\/w\/feedback\/seminare\/","title":{"rendered":"Seminare"},"content":{"rendered":"\n<p><\/p>\n\n\n<section  class='av_textblock_section av-lo8m4j9x-d485d0e822f50874a1cba9f26b6d2787'  itemscope=\"itemscope\" itemtype=\"https:\/\/schema.org\/CreativeWork\" ><div class='avia_textblock'  itemprop=\"text\" ><h2>Pr\u00fcfungen erfolgreich bestehen<\/h2>\n<p><a href=\"https:\/\/pruefungskompetenz.de\/w\/wp-content\/uploads\/2023\/10\/Feedback-Hochschule-Albstadt-Sigmaringen-20.-21.05.22.pdf\">Hochschule Albstadt-Sigmaringen 20.-21.05.22<\/a><\/p>\n<hr \/>\n<h2>Frei sprechen, sicher und souver\u00e4n dolmetschen<\/h2>\n<p><a href=\"https:\/\/pruefungskompetenz.de\/w\/wp-content\/uploads\/2022\/04\/Seminar-f\u00fcr-Studierende-der-Universit\u00e4t-Mainz-2021.pdf\">Seminar f\u00fcr Studierende der Universit\u00e4t Mainz 2021<\/a><\/p>\n<hr \/>\n<h2>Developing your career plan<\/h2>\n<p><a href=\"http:\/\/pruefungskompetenz.de\/w\/wp-content\/uploads\/2018\/06\/2018-05-25-Uni-KN-Developing-your-career-plan.pdf\">Workshop for Internationals, University of Constance<\/a><\/p>\n<hr \/>\n<h2>Sicher und souver\u00e4n im Kundenkontakt<\/h2>\n<p><a href=\"http:\/\/pruefungskompetenz.de\/w\/wp-content\/uploads\/2018\/02\/2016-02-2016-04-BD\u00dc-BW-Mentoring-FB-Kundenkontakt-HOME.pdf\">Seminare f\u00fcr Mentor\/innen und Mentees des BD\u00dc e.V. Baden-W\u00fcrttemberg<\/a><\/p>\n<hr \/>\n<h2>Frei sprechen f\u00fcr Frauen<\/h2>\n<p><a href=\"http:\/\/pruefungskompetenz.de\/w\/wp-content\/uploads\/2018\/02\/Feedback-2016-2017-HFU-Schw.-Stuttg.-Freibg..pdf\">Workshops f\u00fcr Frauen in MINT-Berufen und -Studieng\u00e4ngen, informatica und meccanica feminale Baden-W\u00fcrttemberg<\/a><\/p>\n<hr \/>\n<h2>Klug entscheiden<\/h2>\n<p><a href=\"http:\/\/pruefungskompetenz.de\/w\/wp-content\/uploads\/2018\/05\/2018-HTWG-Klug-entscheiden-1.pdf\">Workshop an der HTWG Konstanz, Hochschule f\u00fcr Technik, Wirtschaft und Gestaltung<\/a><\/p>\n<hr \/>\n<h2>Sicher und souver\u00e4n dolmetschen<\/h2>\n<p><a href=\"http:\/\/pruefungskompetenz.de\/w\/wp-content\/uploads\/2018\/02\/2015-2017-zhaw-Note-2017-Positiv...-aller-Kurse-bis-2017.pdf\">Workshops f\u00fcr Studierende der ZHAW Winterthur, FB Angewandte Linguistik<\/a><\/p>\n<hr \/>\n<h2>Sicher und souver\u00e4n dolmetschen vor Ort und am Telefon &#8211;<br \/>\nSt\u00e4rkung der Selbst- und Sozialkompetenz<\/h2>\n<p><a href=\"http:\/\/pruefungskompetenz.de\/w\/wp-content\/uploads\/2017\/07\/Evaluierung_Sicher_und_souveraen___dolmetschen.pdf\">Seminare f\u00fcr Dolmetscher\/innen der AOZ Medios Z\u00fcrich \/ Nationaler Telefondolmetscherdienst der Schweiz<\/a><\/p>\n<hr \/>\n<h2>Sicher und souver\u00e4n am Telefon<\/h2>\n<p><a href=\"http:\/\/pruefungskompetenz.de\/w\/wp-content\/uploads\/2018\/02\/Call-Agents-AOZ-Z\u00fcrich-2012-10-08-und-17.pdf\">Seminare f\u00fcr Call Agents des Nationalen Telefondolmetschdienstes der Schweiz<\/a><\/p>\n<hr \/>\n<h2>Frei sprechen. Sicher und souver\u00e4n bei Pr\u00e4sentationen, beim Dolmetschen und in m\u00fcndlichen Pr\u00fcfungen<\/h2>\n<p><a href=\"http:\/\/pruefungskompetenz.de\/w\/wp-content\/uploads\/2018\/02\/2017-WS-R\u00fcckmeldung-Uni-bearbeitet-1.pdf\">Seminare f\u00fcr Studierende der Universit\u00e4t Mainz<\/a><\/p>\n<hr \/>\n<h2>Effektiv studieren &#8211; Pr\u00fcfungen erfolgreich bestehen<\/h2>\n<p><a href=\"http:\/\/pruefungskompetenz.de\/w\/wp-content\/uploads\/2018\/03\/DHBW-Ravensburg-08.03.2018.pdf\">Workshops f\u00fcr Studierende der DHBW Ravensburg<\/a><\/p>\n<hr \/>\n<h2>Frei sprechen in Pr\u00fcfungs- und Unterrichtssituationen<\/h2>\n<p><a class=\"internal-link\" href=\"http:\/\/pruefungskompetenz.de\/w\/?page_id=139\">Freifach f\u00fcr Studierende an der PH T<\/a><a class=\"internal-link\" href=\"http:\/\/pruefungskompetenz.de\/w\/?page_id=139\">hurgau, Kreuzlingen<\/a><\/p>\n<hr \/>\n<h2>Klausuren kompetent bestehen<\/h2>\n<p><a class=\"internal-link\" href=\"http:\/\/pruefungskompetenz.de\/w\/?page_id=144\">Workshops f\u00fcr Studierende der Universit\u00e4t Konstanz<\/a><\/p>\n<hr \/>\n<h2><\/h2>\n<\/div><\/section>\n","protected":false},"excerpt":{"rendered":"","protected":false},"author":1,"featured_media":0,"parent":86,"menu_order":0,"comment_status":"closed","ping_status":"closed","template":"","meta":{"footnotes":""},"class_list":["post-135","page","type-page","status-publish","hentry"],"_links":{"self":[{"href":"https:\/\/pruefungskompetenz.de\/w\/wp-json\/wp\/v2\/pages\/135","targetHints":{"allow":["GET"]}}],"collection":[{"href":"https:\/\/pruefungskompetenz.de\/w\/wp-json\/wp\/v2\/pages"}],"about":[{"href":"https:\/\/pruefungskompetenz.de\/w\/wp-json\/wp\/v2\/types\/page"}],"author":[{"embeddable":true,"href":"https:\/\/pruefungskompetenz.de\/w\/wp-json\/wp\/v2\/users\/1"}],"replies":[{"embeddable":true,"href":"https:\/\/pruefungskompetenz.de\/w\/wp-json\/wp\/v2\/comments?post=135"}],"version-history":[{"count":34,"href":"https:\/\/pruefungskompetenz.de\/w\/wp-json\/wp\/v2\/pages\/135\/revisions"}],"predecessor-version":[{"id":1469,"href":"https:\/\/pruefungskompetenz.de\/w\/wp-json\/wp\/v2\/pages\/135\/revisions\/1469"}],"up":[{"embeddable":true,"href":"https:\/\/pruefungskompetenz.de\/w\/wp-json\/wp\/v2\/pages\/86"}],"wp:attachment":[{"href":"https:\/\/pruefungskompetenz.de\/w\/wp-json\/wp\/v2\/media?parent=135"}],"curies":[{"name":"wp","href":"https:\/\/api.w.org\/{rel}","templated":true}]}}