{"id":124,"date":"2017-01-31T09:12:42","date_gmt":"2017-01-31T09:12:42","guid":{"rendered":"http:\/\/pruefungskompetenz.de\/w\/?page_id=124"},"modified":"2023-08-30T08:13:54","modified_gmt":"2023-08-30T07:13:54","slug":"berufstaetige","status":"publish","type":"page","link":"https:\/\/pruefungskompetenz.de\/w\/feedback\/berufstaetige\/","title":{"rendered":"Berufst\u00e4tige"},"content":{"rendered":"<div class=\"rating__body-comment-content\">\n<div>\n<div class=\"rating__body-comment-content\">\n<h2>Juristin<\/h2>\n<p>Es geht mir sehr gut, insbesondere bin ich inzwischen wieder richtig zufrieden mit meiner Arbeit. M180823<\/p>\n<div>\n<div class=\"rating__body-comment-content\">\n<div class=\"rating__body-comment-content-headline\">\n<div class=\"rating__body-comment-content\">\n<div>\n<div class=\"rating__body-comment-content-headline\">\n<hr \/>\n<\/div>\n<\/div>\n<\/div>\n<\/div>\n<\/div>\n<h2><span style=\"color: revert;\">Wirtschaftswissenschaftler: Entscheidung Berufsweg<\/span><\/h2>\n<\/div>\n<p>&#8222;Die letzten Wochen waren sehr turbulent, aber ich bin froh, dass ich dank Ihrer Hilfe einen Weg f\u00fcr mich gefunden habe. Mir geht es seitdem wesentlich besser und ich bin \u00fcberzeugt, dass es die richtige Entscheidung war.&#8220;<\/p>\n<\/div>\n<\/div>\n<div>\n<div class=\"rating__body-comment-content\">\n<div class=\"rating__body-comment-content-headline\">\n<div class=\"rating__body-comment-content\">\n<div>\n<div class=\"rating__body-comment-content-headline\">\n<hr \/>\n<\/div>\n<\/div>\n<\/div>\n<\/div>\n<\/div>\n<h2>Dipl.-Ingenieurin (FH): Karrierecoaching<\/h2>\n<\/div>\n<div class=\"rating__body-comment-content-headline\">\n<p>&#8222;Es freut mich sehr, dass die Hochschule so eine starke Pers\u00f6nlichkeit wie Sie es sind, gewinnen konnte, um in unseren Nachwuchs zu investieren sowie unser Personal fortzubilden und stetig zu f\u00f6rdern.&#8220;<\/p>\n<hr \/>\n<\/div>\n<\/div>\n<h2>Akademische Mitarbeiterin: Entscheidung Berufsweg<\/h2>\n<p>&#8222;Ich m\u00f6chte mich noch einmal herzlich f\u00fcr die tolle Beratung bedanken,\u00a0die mir viele neue Ideen und Inspiration gegeben und auch sehr bei der\u00a0Orientierung geholfen hat.&#8220;<\/p>\n<hr \/>\n<div class=\"rating__body-comment-content\">\n<div>\n<h2>Biotechnologin: Kommunikation im Beruf<\/h2>\n<p>&#8222;Herzlichen Dank f\u00fcr die Unterlagen und die vielen Tipps + Tricks. Ich habe das Gespr\u00e4ch sehr mit Ihnen genossen und werde versuchen, so manchen Aspekt zu ber\u00fccksichtigen.&#8220;<\/p>\n<hr \/>\n<h2>Redakteurin: Arbeitszufriedenheit<\/h2>\n<\/div>\n<div class=\"rating__body-comment-content-headline\">&#8222;Das Coaching hat mir in einer beruflichen Krise sehr geholfen. Note 1!\u00a0Nach 35 Jahren im Beruf hatte ich Zweifel, ob ich da noch richtig bin oder mich ver\u00e4ndern sollte. Durch das Coaching mit Frau Koch wurden die Alternativen gekl\u00e4rt und Verbesserungspotenziale im derzeitigen Anstellungsverh\u00e4ltnis identifiziert. Die Umsetzung der Anregungen hat dazu gef\u00fchrt, dass ich nunmehr wieder zufrieden meiner Arbeit nachgehe und die Leistungsf\u00e4higkeit wieder gesteigert wurde. Ein wichtiger Schritt auch im Alter von 58 Jahren. Kann ich nur empfehlen!&#8220;<\/div>\n<\/div>\n<hr \/>\n<h2>Ingenieurin: Frei sprechen<\/h2>\n<p>&#8222;Ihr Seminar und Sie als Moderatorin haben mich pers\u00f6nlich in meinem weiteren Werdegang sehr unterst\u00fctzt. Daf\u00fcr m\u00f6chte ich nochmals ein gro\u00dfes Dankesch\u00f6n sagen. Ich habe versprochen, mich zu melden und m\u00f6chte auf diesem Wege zeigen, was Sie als Moderatorin in einem Menschen alles positiv ausl\u00f6sen k\u00f6nnen und bekr\u00e4ftigen. Souver\u00e4n und sicher, das waren die Schlagworte, aber in einer sanften Weise und zugleich dennoch sehr stark zielgerichtet. Viele herzliche Gr\u00fc\u00dfe.&#8220;<\/p>\n<hr \/>\n<h2>Biologin: Stellensuche ein Jahr nach Uni-Abschluss<\/h2>\n<p>&#8222;Hallo Frau Koch, ich wollte Ihnen nur mitteilen, dass ich eine Stelle gefunden habe! Ich fange am 1. September in der Schweiz an. Vielen Dank f\u00fcr Ihre Unterst\u00fctzung und Begleitung bei meiner Suche, das alles hat mir bei den Vorstellungsgespr\u00e4chen sehr viel geholfen!&#8220;<\/p>\n<hr \/>\n<h2>Promovierte Agrarwissenschaftlerin: Wiedereinstieg<\/h2>\n<p>\u201eAls \u00fcberqualifizierte Exotin \u00dc40 schien der Wiedereinstieg in die Arbeitswelt f\u00fcr mich nahezu chancenlos. Frau Koch hat mich ins Arbeitsleben zur\u00fcckgef\u00fchrt! Mit verschiedenen \u00dcbungen wurden mir meine vielseitigen Talente, F\u00e4higkeiten und St\u00e4rken erst richtig bewusst. Und sie machten mir deutlich, wie ein Arbeitsplatz f\u00fcr mich gestaltet sein muss, damit es mir dort gut geht und ich gute Leistungen vollbringen kann. Am Ende des Coachings nahm ich eine \u00fcbersichtliche Mappe voller Unterlagen mit nach Hause, die immer wieder und nicht nur f\u00fcr berufliche Zwecke zum Einsatz kommen. Frau Kochs freundliche und einf\u00fchlsame Art hat mir sehr gut getan, so dass ich wieder mit Selbstvertrauen und Zuversicht an die Stellensuche gehen konnte. Mit den \u00fcberaus einfachen Tipps und Tricks, die sie mir an die Hand gegeben hat, \u00fcberwand ich Unsicherheiten und Nervosit\u00e4t bei Vorstellungsgespr\u00e4chen, so dass ich zu guter Letzt auch hier punkten konnte! Besonders wenn&#8217;s schnell gehen muss und es ums Ganze geht, l\u00e4uft sie zur H\u00f6chstform auf, f\u00fcr mich eindeutig der beste Coach &#8211; Danke Frau Koch!&#8220;<\/p>\n<hr \/>\n<h2>Marketing-Fachfrau: Pr\u00e4sentation vor Vorstand \/ F\u00fchrungskr\u00e4ften eines Automobilherstellers<\/h2>\n<p>\u201eNach einer missgl\u00fcckten Erstpr\u00e4sentation habe ich bei Gabriele Koch 4 Einzelsitzungen zur Vorbereitung auf meine zweite Pr\u00e4sentation gebucht. Von diesem Termin bei einem gro\u00dfen deutschen Automobilhersteller hingen f\u00fcr mich Folgeauftr\u00e4ge f\u00fcr einen Zeitraum von eineinhalb Jahren ab; insofern war ein professioneller Auftritt enorm wichtig. \u2028Gabriele Koch hat mich durch ihre professionelle Arbeit auf die Situation bestens vorbereitet. Mit unterschiedlichsten Methoden rund um das Thema \u201aFreies Sprechen\u2018, systemisches Arbeiten und diversen K\u00f6rper\u00fcbungen bin ich mit viel Elan und Selbstbewusstsein in die Pr\u00e4sentation gegangen und war, wie das Resultat zeigte, sehr \u00fcberzeugend. Im Nachhinein ist mir klar geworden, dass in erster Linie meine eigene Haltung und meine Selbstsicherheit durch die Arbeit mit Frau Koch gest\u00e4rkt wurden.&#8220;<\/p>\n<hr \/>\n<h2>Versicherungskauffrau: Vorbereitung auf ein Assessment Center<\/h2>\n<p>\u201eVielen herzlichen Dank f\u00fcr Ihre kompetente Beratung! Sie haben mich im Rahmen eines Einzelcoachings f\u00fcr ein Assessment-Center in Sachen Souver\u00e4nit\u00e4t, Kompetenz und Sicherheit sehr gut beraten und erfolgreich gecoacht. F\u00fcr Ihr pers\u00f6nliches Engagement danke ich Ihnen herzlich und freue mich, Sie in weiteren Bereichen des Coachings in Anspruch zu nehmen. Aus dieser Erfahrung empfehle ich Frau Koch gerne weiter.\u201c<\/p>\n<hr \/>\n<h2>Wissenschaftlerin: Berufliche Neuorientierung<\/h2>\n<p>\u201eDie Kompetenzberatung bei Frau Koch hat mir sehr geholfen, eine schwierige und belastende berufliche Situation zu \u00fcberwinden und mich nach dieser Z\u00e4sur neu zu orientieren. Ich habe viel \u00fcber mich selbst in Erfahrung gebracht, was mich sehr gest\u00e4rkt hat, und bin mir dar\u00fcber bewusst geworden, welche Kriterien f\u00fcr meine Arbeitszufriedenheit wichtig sind. Durch die verst\u00e4ndnisvolle und einf\u00fchlsame Art von Frau Koch war es mir m\u00f6glich, verschiedene Situationen sehr tiefgreifend zu reflektieren und eine f\u00fcr mich passende Stelle zu finden. Herzlichen Dank!&#8220;<\/p>\n<hr \/>\n<h2>Technische Redakteurin: Stellensuche<\/h2>\n<p>\u201eBei meiner Stellensuche bin ich kompetent, einf\u00fchlsam und erfolgreich von Frau Koch begleitet worden. Zu Beginn war ich pessimistisch, mit fast 55 Jahren noch eine neue Stelle zu finden. Meine schriftlichen Unterlagen waren zwar gut \u2013 aber die Vorstellungsgespr\u00e4che verunsicherten mich sehr und ich erhielt keine Folgeeinladungen bzw. Vertragsangebote. Ich lernte mit dem durch die motivierenden Beratungen neu gewonnenen Selbstbewusstsein, das Wesentliche meines Lebenslaufs und meines K\u00f6nnens richtig herauszustellen. Und ich konnte klarer entscheiden, was ich wollte und was nicht und dies auch in den Gespr\u00e4chen direkt erkennen. Zus\u00e4tzlich \u00fcberwand ich meine lebenslange Panik und Flucht vor Pr\u00e4sentationssituationen. Bei dem Arbeitgeber, f\u00fcr den ich mich entschied (ich konnte zwischen zwei Angeboten w\u00e4hlen), stellte ich in einem zweiten Vorstellungsgespr\u00e4ch erfolgreich ein Fachkonzept vor, das den Ausschlag f\u00fcr die Zusage des Unternehmens gab. Unterst\u00fctzt wurden die Beratungsgespr\u00e4che durch einfache k\u00f6rperliche \u00dcbungen. Ich f\u00fchlte mich in der Folge authentischer und konnte in den Vorstellungsgespr\u00e4chen den erforderlichen Blickkontakt aufrecht erhalten, woran es mir vorher sehr fehlte. Vielen Dank f\u00fcr Alles!<\/p>\n<hr \/>\n<h2>Existenzgr\u00fcnder: Durchf\u00fchren von Telefonakquisitionen<\/h2>\n<p>\u201eDank dem Coaching von Frau Koch habe ich heute keine M\u00fche mehr, m\u00f6gliche Kunden anzurufen und selbst \u201eunbequeme\u201c Gespr\u00e4che zu f\u00fchren. Ihr Coaching half mir, meinen Gesch\u00e4ftsstart zu vereinfachen und erlaubt es mir, Kaltakquisitionen durchzuf\u00fchren. Eigentlich ist das Coaching von ihr ein Muss f\u00fcr jeden Jungunternehmer. Gerne empfehle ich Frau Koch weiter und w\u00fcnsche auch ihr viel Freude und Erfolg.\u201c<\/p>\n<hr \/>\n<h2>Schulsozialarbeiterin: 3,5 Stunden-Pr\u00e4sentation vor Lehrerkollegium<\/h2>\n<p>\u201eEs lief so gut \u2013 ich habe richtig Spa\u00df gehabt. Und ein tolles Feedback bekommen: Ich h\u00e4tte eine angenehme Stimme, ein angenehmes Tempo, eine lockere Art &#8211; und man habe mir den Spa\u00df angemerkt, den mir meine Arbeit macht. Jetzt habe ich den Auftrag, das Thema \u201eSoziales Lernen\u201c f\u00fcr drei weitere Klassen zu machen \u2013 und das Angebot f\u00fcr eine neue Stelle bekommen. Bei Ihnen habe ich mich von Anfang an als Person mit meinem Problem angenommen und sehr gut aufgehoben gef\u00fchlt. Sie haben eine sehr ansprechende, angenehme Art, mit Menschen umzugehen. Die personenbezogenen \u00dcbungen bed\u00fcrfen keinen zeitlichen Aufwand und ich war sehr positiv \u00fcberrascht \u00fcber die nachhaltige Wirkung. Man merkt, dass eine langj\u00e4hrige Auseinandersetzung mit dem Thema &#8218;Lernen \u2013 Selbstdarstellung \u2013 Frei sprechen&#8216; dahinter steckt und f\u00fchlt sich gut begleitet.\u201c<\/p>\n<hr \/>\n<hr \/>\n<h2>R\u00fcckmeldungen von Teilnehmer\/innen an einer Beratung zur beruflichen Orientierung *)<\/h2>\n<h6><span style=\"color: #808080;\">*) Befragung im Rahmen einer Evaluierung des Beratungsangebots der Lernenden Region Bodensee \/ LernSee e.V. Konstanz, gef\u00f6rdert vom Bundesministerium f\u00fcr Bildung und Forschung und\u00a0 ESF (2008)<\/span><\/h6>\n<p>\u201eDie Beraterin war \u00e4u\u00dferst hilfreich, offen, interessiert und ihre Unterst\u00fctzung war herausragend. In der Zeit der Kompetenzberatung war ein ziemlich gro\u00dfer Leistungsdruck meinerseits vorhanden bzgl. des Konflikts: Realit\u00e4t und Geldverdienen einerseits und Weiterf\u00fchren meines Traumberufs andererseits. Die Beratungen waren sehr hilfreich!\u201c<\/p>\n<p>\u201eBesonders hilfreich war der sehr gute Draht zur Beraterin, die mir von Anfang an sehr sympathisch war und sehr einf\u00fchlsam und kompetent ist. Gro\u00dfes Lob an Frau Koch!\u201c<\/p>\n<p>\u201eIch fand es hilfreich, dass die Beratung eine Hilfe zur Selbsthilfe war. Weiterhin gefiel mir, dass sich die Beraterin viele Notizen gemacht hat, denn diese halfen mir herauszufinden, wohin genau ich gehen m\u00f6chte. Die Beratung hat mir geholfen, zum einen selbstsicherer zu werden und zum anderen noch genauer herauszufinden, was ich m\u00f6chte, sowie die n\u00e4chsten Schritte fest zu legen.\u201c<\/p>\n<p>\u201eFaktor Zeit: angenehme Terminabsprachen, ausreichend Zeit f\u00fcr das Gespr\u00e4ch. Verhalten der Beraterin: sehr einf\u00fchlsam, ermunternd, verst\u00e4ndnisvoll, bestens strukturiert. Klare, verst\u00e4ndnisvolle Hinweise auf die Methoden, deren Auswertung usw. Wohltuende, konstruktive pers\u00f6nliche Bilanz des Erreichten. Aussichten, Lust auf Neues wurde verst\u00e4rkt.\u201c<\/p>\n<p>\u201eGrunds\u00e4tzlich das Erfahrungswissen und die kompetente Fachlichkeit von Frau Koch.\u201c<\/p>\n<p>\u201eDie Beraterin hat mich gut eingesch\u00e4tzt. Habe neue Ideen bekommen, au\u00dferhalb meines alten Berufsfelds zu suchen.\u201c<\/p>\n<p>\u201eDas war das beste Gespr\u00e4ch bis jetzt, was ich dazu hatte.\u201c<\/p>\n<p>\u201eFreundlichkeit, Kompetenz. Ich habe mich mit meiner Beraterin sehr wohl gef\u00fchlt.\u201c<\/p>\n<p>\u201eVielen Dank nochmals f\u00fcr Ihre gro\u00dfe Hilfe und Bem\u00fchungen, denn Sie haben mein verstaubtes Potenzial ans Licht gef\u00fchrt und so einen Stein ins Rollen gebracht.\u201c<\/p>\n","protected":false},"excerpt":{"rendered":"<p>Juristin Es geht mir sehr gut, insbesondere bin ich inzwischen wieder richtig zufrieden mit meiner Arbeit. M180823 Wirtschaftswissenschaftler: Entscheidung Berufsweg &#8222;Die letzten Wochen waren sehr turbulent, aber ich bin froh, dass ich dank Ihrer Hilfe einen Weg f\u00fcr mich gefunden habe. Mir geht es seitdem wesentlich besser und ich bin \u00fcberzeugt, dass es die richtige [&hellip;]<\/p>\n","protected":false},"author":1,"featured_media":0,"parent":86,"menu_order":0,"comment_status":"closed","ping_status":"closed","template":"","meta":{"footnotes":""},"class_list":["post-124","page","type-page","status-publish","hentry"],"_links":{"self":[{"href":"https:\/\/pruefungskompetenz.de\/w\/wp-json\/wp\/v2\/pages\/124","targetHints":{"allow":["GET"]}}],"collection":[{"href":"https:\/\/pruefungskompetenz.de\/w\/wp-json\/wp\/v2\/pages"}],"about":[{"href":"https:\/\/pruefungskompetenz.de\/w\/wp-json\/wp\/v2\/types\/page"}],"author":[{"embeddable":true,"href":"https:\/\/pruefungskompetenz.de\/w\/wp-json\/wp\/v2\/users\/1"}],"replies":[{"embeddable":true,"href":"https:\/\/pruefungskompetenz.de\/w\/wp-json\/wp\/v2\/comments?post=124"}],"version-history":[{"count":19,"href":"https:\/\/pruefungskompetenz.de\/w\/wp-json\/wp\/v2\/pages\/124\/revisions"}],"predecessor-version":[{"id":1451,"href":"https:\/\/pruefungskompetenz.de\/w\/wp-json\/wp\/v2\/pages\/124\/revisions\/1451"}],"up":[{"embeddable":true,"href":"https:\/\/pruefungskompetenz.de\/w\/wp-json\/wp\/v2\/pages\/86"}],"wp:attachment":[{"href":"https:\/\/pruefungskompetenz.de\/w\/wp-json\/wp\/v2\/media?parent=124"}],"curies":[{"name":"wp","href":"https:\/\/api.w.org\/{rel}","templated":true}]}}